{"id":689,"date":"2025-11-09T06:08:34","date_gmt":"2025-11-09T06:08:34","guid":{"rendered":"https:\/\/apidrap.com\/apidrap\/"},"modified":"2026-03-02T05:08:34","modified_gmt":"2026-03-02T05:08:34","slug":"apidrap","status":"publish","type":"page","link":"https:\/\/apidrap.com\/es\/","title":{"rendered":"Apidrap"},"content":{"rendered":"\t\t<div data-elementor-type=\"wp-page\" data-elementor-id=\"689\" class=\"elementor elementor-689 elementor-90\" data-elementor-post-type=\"page\">\n\t\t\t\t<div class=\"elementor-element elementor-element-0eb3582 e-flex e-con-boxed e-con e-parent\" data-id=\"0eb3582\" data-element_type=\"container\" data-e-type=\"container\" data-settings=\"{&quot;background_background&quot;:&quot;classic&quot;}\">\n\t\t\t\t\t<div class=\"e-con-inner\">\n\t\t\t\t<div class=\"elementor-element elementor-element-c24c8b1 elementor-widget elementor-widget-heading\" data-id=\"c24c8b1\" data-element_type=\"widget\" data-e-type=\"widget\" data-widget_type=\"heading.default\">\n\t\t\t\t<div class=\"elementor-widget-container\">\n\t\t\t\t\t<h1 class=\"elementor-heading-title elementor-size-default\">ApiDrap<\/h1>\t\t\t\t<\/div>\n\t\t\t\t<\/div>\n\t\t\t\t<div class=\"elementor-element elementor-element-6d5c7c2 elementor-widget elementor-widget-heading\" data-id=\"6d5c7c2\" data-element_type=\"widget\" data-e-type=\"widget\" data-widget_type=\"heading.default\">\n\t\t\t\t<div class=\"elementor-widget-container\">\n\t\t\t\t\t<h2 class=\"elementor-heading-title elementor-size-default\">La alternativa sostenible<br>para envolver tus alimentos<\/h2>\t\t\t\t<\/div>\n\t\t\t\t<\/div>\n\t\t\t\t<div class=\"elementor-element elementor-element-94beb19 elementor-widget elementor-widget-text-editor\" data-id=\"94beb19\" data-element_type=\"widget\" data-e-type=\"widget\" data-widget_type=\"text-editor.default\">\n\t\t\t\t<div class=\"elementor-widget-container\">\n\t\t\t\t\t\t\t\t\t<p>Reutilizable, artesanal y hecho con cera de abeja del Valle de Ribes. <br>Reduce el pl\u00e1stico y cuida el planeta<\/p>\t\t\t\t\t\t\t\t<\/div>\n\t\t\t\t<\/div>\n\t\t<div class=\"elementor-element elementor-element-48a85f0 e-grid e-con-full e-con e-child\" data-id=\"48a85f0\" data-element_type=\"container\" data-e-type=\"container\">\n\t\t\t\t<div class=\"elementor-element elementor-element-657aa1d elementor-widget elementor-widget-button\" data-id=\"657aa1d\" data-element_type=\"widget\" data-e-type=\"widget\" data-widget_type=\"button.default\">\n\t\t\t\t<div class=\"elementor-widget-container\">\n\t\t\t\t\t\t\t\t\t<div class=\"elementor-button-wrapper\">\n\t\t\t\t\t<a class=\"elementor-button elementor-button-link elementor-size-sm\" href=\"https:\/\/apidrap.com\/es\/que-es-apidrap\/\">\n\t\t\t\t\t\t<span class=\"elementor-button-content-wrapper\">\n\t\t\t\t\t\t\t\t\t<span class=\"elementor-button-text\">Descubre ApiDrap<\/span>\n\t\t\t\t\t<\/span>\n\t\t\t\t\t<\/a>\n\t\t\t\t<\/div>\n\t\t\t\t\t\t\t\t<\/div>\n\t\t\t\t<\/div>\n\t\t\t\t<div class=\"elementor-element elementor-element-d47ce0d elementor-widget elementor-widget-button\" data-id=\"d47ce0d\" data-element_type=\"widget\" data-e-type=\"widget\" data-widget_type=\"button.default\">\n\t\t\t\t<div class=\"elementor-widget-container\">\n\t\t\t\t\t\t\t\t\t<div class=\"elementor-button-wrapper\">\n\t\t\t\t\t<a class=\"elementor-button elementor-button-link elementor-size-sm\" href=\"https:\/\/www.melderibes.cat\/apidrap\" target=\"_blank\">\n\t\t\t\t\t\t<span class=\"elementor-button-content-wrapper\">\n\t\t\t\t\t\t\t\t\t<span class=\"elementor-button-text\">Comprar ahora!<\/span>\n\t\t\t\t\t<\/span>\n\t\t\t\t\t<\/a>\n\t\t\t\t<\/div>\n\t\t\t\t\t\t\t\t<\/div>\n\t\t\t\t<\/div>\n\t\t\t\t<\/div>\n\t\t\t\t\t<\/div>\n\t\t\t\t<\/div>\n\t\t<div class=\"elementor-element elementor-element-47f27a6 e-flex e-con-boxed e-con e-parent\" data-id=\"47f27a6\" data-element_type=\"container\" data-e-type=\"container\">\n\t\t\t\t\t<div class=\"e-con-inner\">\n\t\t<div class=\"elementor-element elementor-element-5b089ad e-con-full e-flex e-con e-child\" data-id=\"5b089ad\" data-element_type=\"container\" data-e-type=\"container\">\n\t\t\t\t<div class=\"elementor-element elementor-element-89b94a6 elementor-widget elementor-widget-heading\" data-id=\"89b94a6\" data-element_type=\"widget\" data-e-type=\"widget\" data-widget_type=\"heading.default\">\n\t\t\t\t<div class=\"elementor-widget-container\">\n\t\t\t\t\t<h2 class=\"elementor-heading-title elementor-size-default\">Un producto con esencia<\/h2>\t\t\t\t<\/div>\n\t\t\t\t<\/div>\n\t\t\t\t<div class=\"elementor-element elementor-element-ff7927f elementor-widget elementor-widget-text-editor\" data-id=\"ff7927f\" data-element_type=\"widget\" data-e-type=\"widget\" data-widget_type=\"text-editor.default\">\n\t\t\t\t<div class=\"elementor-widget-container\">\n\t\t\t\t\t\t\t\t\t<p>Cada <strong>ApiDrap <\/strong>se hace a mano en el <strong>Valle de Ribes<\/strong> con productos naturales: cera de abeja, aceite de almendras y resina vegetal. Un proceso artesanal que garantiza calidad y respeto por el medio ambiente <\/p>\t\t\t\t\t\t\t\t<\/div>\n\t\t\t\t<\/div>\n\t\t\t\t<\/div>\n\t\t<div class=\"elementor-element elementor-element-029e423 e-con-full e-flex e-con e-child\" data-id=\"029e423\" data-element_type=\"container\" data-e-type=\"container\">\n\t\t\t\t<div class=\"elementor-element elementor-element-450214f elementor-widget elementor-widget-image\" data-id=\"450214f\" data-element_type=\"widget\" data-e-type=\"widget\" data-widget_type=\"image.default\">\n\t\t\t\t<div class=\"elementor-widget-container\">\n\t\t\t\t\t\t\t\t\t\t\t\t\t\t\t<img fetchpriority=\"high\" decoding=\"async\" width=\"700\" height=\"467\" src=\"https:\/\/apidrap.com\/wp-content\/uploads\/2025\/11\/apidrap-mel-de-ribes-17p.jpg\" class=\"attachment-large size-large wp-image-681\" alt=\"\" srcset=\"https:\/\/apidrap.com\/wp-content\/uploads\/2025\/11\/apidrap-mel-de-ribes-17p.jpg 700w, https:\/\/apidrap.com\/wp-content\/uploads\/2025\/11\/apidrap-mel-de-ribes-17p-300x200.jpg 300w, https:\/\/apidrap.com\/wp-content\/uploads\/2025\/11\/apidrap-mel-de-ribes-17p-20x13.jpg 20w\" sizes=\"(max-width: 700px) 100vw, 700px\" \/>\t\t\t\t\t\t\t\t\t\t\t\t\t\t\t<\/div>\n\t\t\t\t<\/div>\n\t\t\t\t<\/div>\n\t\t<div class=\"elementor-element elementor-element-9c47f6c e-con-full e-flex e-con e-child\" data-id=\"9c47f6c\" data-element_type=\"container\" data-e-type=\"container\">\n\t\t\t\t<div class=\"elementor-element elementor-element-71c879a elementor-widget elementor-widget-image\" data-id=\"71c879a\" data-element_type=\"widget\" data-e-type=\"widget\" data-widget_type=\"image.default\">\n\t\t\t\t<div class=\"elementor-widget-container\">\n\t\t\t\t\t\t\t\t\t\t\t\t\t\t\t<img decoding=\"async\" width=\"700\" height=\"467\" src=\"https:\/\/apidrap.com\/wp-content\/uploads\/2025\/11\/apidrap-mel-de-ribes-8p.jpg\" class=\"attachment-large size-large wp-image-682\" alt=\"\" srcset=\"https:\/\/apidrap.com\/wp-content\/uploads\/2025\/11\/apidrap-mel-de-ribes-8p.jpg 700w, https:\/\/apidrap.com\/wp-content\/uploads\/2025\/11\/apidrap-mel-de-ribes-8p-300x200.jpg 300w, https:\/\/apidrap.com\/wp-content\/uploads\/2025\/11\/apidrap-mel-de-ribes-8p-20x13.jpg 20w\" sizes=\"(max-width: 700px) 100vw, 700px\" \/>\t\t\t\t\t\t\t\t\t\t\t\t\t\t\t<\/div>\n\t\t\t\t<\/div>\n\t\t\t\t<\/div>\n\t\t\t\t\t<\/div>\n\t\t\t\t<\/div>\n\t\t<div class=\"elementor-element elementor-element-fa897d3 e-flex e-con-boxed e-con e-parent\" data-id=\"fa897d3\" data-element_type=\"container\" data-e-type=\"container\">\n\t\t\t\t\t<div class=\"e-con-inner\">\n\t\t\t\t<div class=\"elementor-element elementor-element-dfadab0 elementor-widget elementor-widget-heading\" data-id=\"dfadab0\" data-element_type=\"widget\" data-e-type=\"widget\" data-widget_type=\"heading.default\">\n\t\t\t\t<div class=\"elementor-widget-container\">\n\t\t\t\t\t<h2 class=\"elementor-heading-title elementor-size-default\">\u00bfPor qu\u00e9 elegir ApiDrap?<\/h2>\t\t\t\t<\/div>\n\t\t\t\t<\/div>\n\t\t<div class=\"elementor-element elementor-element-c625799 e-grid e-con-full e-con e-child\" data-id=\"c625799\" data-element_type=\"container\" data-e-type=\"container\">\n\t\t\t\t<div class=\"elementor-element elementor-element-6047a25 elementor-position-top elementor-widget elementor-widget-image-box\" data-id=\"6047a25\" data-element_type=\"widget\" data-e-type=\"widget\" data-widget_type=\"image-box.default\">\n\t\t\t\t<div class=\"elementor-widget-container\">\n\t\t\t\t\t<div class=\"elementor-image-box-wrapper\"><figure class=\"elementor-image-box-img\"><img decoding=\"async\" width=\"320\" height=\"270\" src=\"https:\/\/apidrap.com\/wp-content\/uploads\/2025\/11\/reutilitzable.png\" class=\"attachment-full size-full wp-image-683\" alt=\"\" srcset=\"https:\/\/apidrap.com\/wp-content\/uploads\/2025\/11\/reutilitzable.png 320w, https:\/\/apidrap.com\/wp-content\/uploads\/2025\/11\/reutilitzable-300x253.png 300w, https:\/\/apidrap.com\/wp-content\/uploads\/2025\/11\/reutilitzable-20x17.png 20w\" sizes=\"(max-width: 320px) 100vw, 320px\" \/><\/figure><div class=\"elementor-image-box-content\"><h3 class=\"elementor-image-box-title\">Sostenible i Reutilitzable<\/h3><\/div><\/div>\t\t\t\t<\/div>\n\t\t\t\t<\/div>\n\t\t\t\t<div class=\"elementor-element elementor-element-b102eea elementor-position-top elementor-widget elementor-widget-image-box\" data-id=\"b102eea\" data-element_type=\"widget\" data-e-type=\"widget\" data-widget_type=\"image-box.default\">\n\t\t\t\t<div class=\"elementor-widget-container\">\n\t\t\t\t\t<div class=\"elementor-image-box-wrapper\"><figure class=\"elementor-image-box-img\"><img loading=\"lazy\" decoding=\"async\" width=\"320\" height=\"270\" src=\"https:\/\/apidrap.com\/wp-content\/uploads\/2025\/11\/fet-a-ma.png\" class=\"attachment-full size-full wp-image-684\" alt=\"\" srcset=\"https:\/\/apidrap.com\/wp-content\/uploads\/2025\/11\/fet-a-ma.png 320w, https:\/\/apidrap.com\/wp-content\/uploads\/2025\/11\/fet-a-ma-300x253.png 300w, https:\/\/apidrap.com\/wp-content\/uploads\/2025\/11\/fet-a-ma-20x17.png 20w\" sizes=\"(max-width: 320px) 100vw, 320px\" \/><\/figure><div class=\"elementor-image-box-content\"><h3 class=\"elementor-image-box-title\">Hecho a mano<\/h3><\/div><\/div>\t\t\t\t<\/div>\n\t\t\t\t<\/div>\n\t\t\t\t<div class=\"elementor-element elementor-element-8be343f elementor-position-top elementor-widget elementor-widget-image-box\" data-id=\"8be343f\" data-element_type=\"widget\" data-e-type=\"widget\" data-widget_type=\"image-box.default\">\n\t\t\t\t<div class=\"elementor-widget-container\">\n\t\t\t\t\t<div class=\"elementor-image-box-wrapper\"><figure class=\"elementor-image-box-img\"><img loading=\"lazy\" decoding=\"async\" width=\"320\" height=\"270\" src=\"https:\/\/apidrap.com\/wp-content\/uploads\/2025\/11\/fresc.png\" class=\"attachment-full size-full wp-image-685\" alt=\"\" srcset=\"https:\/\/apidrap.com\/wp-content\/uploads\/2025\/11\/fresc.png 320w, https:\/\/apidrap.com\/wp-content\/uploads\/2025\/11\/fresc-300x253.png 300w, https:\/\/apidrap.com\/wp-content\/uploads\/2025\/11\/fresc-20x17.png 20w\" sizes=\"(max-width: 320px) 100vw, 320px\" \/><\/figure><div class=\"elementor-image-box-content\"><h3 class=\"elementor-image-box-title\">Mantiene los alimentos frescos<\/h3><\/div><\/div>\t\t\t\t<\/div>\n\t\t\t\t<\/div>\n\t\t\t\t<div class=\"elementor-element elementor-element-c55a063 elementor-position-top elementor-widget elementor-widget-image-box\" data-id=\"c55a063\" data-element_type=\"widget\" data-e-type=\"widget\" data-widget_type=\"image-box.default\">\n\t\t\t\t<div class=\"elementor-widget-container\">\n\t\t\t\t\t<div class=\"elementor-image-box-wrapper\"><figure class=\"elementor-image-box-img\"><img loading=\"lazy\" decoding=\"async\" width=\"320\" height=\"270\" src=\"https:\/\/apidrap.com\/wp-content\/uploads\/2025\/11\/natural.png\" class=\"attachment-full size-full wp-image-686\" alt=\"\" srcset=\"https:\/\/apidrap.com\/wp-content\/uploads\/2025\/11\/natural.png 320w, https:\/\/apidrap.com\/wp-content\/uploads\/2025\/11\/natural-300x253.png 300w, https:\/\/apidrap.com\/wp-content\/uploads\/2025\/11\/natural-20x17.png 20w\" sizes=\"(max-width: 320px) 100vw, 320px\" \/><\/figure><div class=\"elementor-image-box-content\"><h3 class=\"elementor-image-box-title\">Natural y antis\u00e9ptico<\/h3><\/div><\/div>\t\t\t\t<\/div>\n\t\t\t\t<\/div>\n\t\t\t\t<\/div>\n\t\t\t\t\t<\/div>\n\t\t\t\t<\/div>\n\t\t<div class=\"elementor-element elementor-element-40de60d e-flex e-con-boxed e-con e-parent\" data-id=\"40de60d\" data-element_type=\"container\" data-e-type=\"container\">\n\t\t\t\t\t<div class=\"e-con-inner\">\n\t\t\t\t<div class=\"elementor-element elementor-element-7b8af2a elementor-align-center elementor-widget elementor-widget-button\" data-id=\"7b8af2a\" data-element_type=\"widget\" data-e-type=\"widget\" data-widget_type=\"button.default\">\n\t\t\t\t<div class=\"elementor-widget-container\">\n\t\t\t\t\t\t\t\t\t<div class=\"elementor-button-wrapper\">\n\t\t\t\t\t<a class=\"elementor-button elementor-button-link elementor-size-sm\" href=\"https:\/\/apidrap.com\/es\/proceso-artesanal\/\">\n\t\t\t\t\t\t<span class=\"elementor-button-content-wrapper\">\n\t\t\t\t\t\t\t\t\t<span class=\"elementor-button-text\">\u00bfC\u00f3mo hacemos el ApiDrap?<\/span>\n\t\t\t\t\t<\/span>\n\t\t\t\t\t<\/a>\n\t\t\t\t<\/div>\n\t\t\t\t\t\t\t\t<\/div>\n\t\t\t\t<\/div>\n\t\t\t\t\t<\/div>\n\t\t\t\t<\/div>\n\t\t<div class=\"elementor-element elementor-element-e6c1417 e-flex e-con-boxed e-con e-parent\" data-id=\"e6c1417\" data-element_type=\"container\" data-e-type=\"container\" data-settings=\"{&quot;background_background&quot;:&quot;classic&quot;}\">\n\t\t\t\t\t<div class=\"e-con-inner\">\n\t\t<div class=\"elementor-element elementor-element-5cc91cb e-con-full e-flex e-con e-child\" data-id=\"5cc91cb\" data-element_type=\"container\" data-e-type=\"container\">\n\t\t\t\t<div class=\"elementor-element elementor-element-4e4d8ae elementor-widget elementor-widget-heading\" data-id=\"4e4d8ae\" data-element_type=\"widget\" data-e-type=\"widget\" data-widget_type=\"heading.default\">\n\t\t\t\t<div class=\"elementor-widget-container\">\n\t\t\t\t\t<h2 class=\"elementor-heading-title elementor-size-default\">Del Valle de Ribes a tu d\u00eda a d\u00eda<\/h2>\t\t\t\t<\/div>\n\t\t\t\t<\/div>\n\t\t\t\t<div class=\"elementor-element elementor-element-71a6eed elementor-widget elementor-widget-button\" data-id=\"71a6eed\" data-element_type=\"widget\" data-e-type=\"widget\" data-widget_type=\"button.default\">\n\t\t\t\t<div class=\"elementor-widget-container\">\n\t\t\t\t\t\t\t\t\t<div class=\"elementor-button-wrapper\">\n\t\t\t\t\t<a class=\"elementor-button elementor-button-link elementor-size-sm\" href=\"https:\/\/apidrap.com\/es\/proceso-artesanal\/#som\">\n\t\t\t\t\t\t<span class=\"elementor-button-content-wrapper\">\n\t\t\t\t\t\t\t\t\t<span class=\"elementor-button-text\">Conoce nuestra hist\u00f3ria<\/span>\n\t\t\t\t\t<\/span>\n\t\t\t\t\t<\/a>\n\t\t\t\t<\/div>\n\t\t\t\t\t\t\t\t<\/div>\n\t\t\t\t<\/div>\n\t\t\t\t<\/div>\n\t\t<div class=\"elementor-element elementor-element-ed9ee0a e-con-full e-flex e-con e-child\" data-id=\"ed9ee0a\" data-element_type=\"container\" data-e-type=\"container\">\n\t\t\t\t<div class=\"elementor-element elementor-element-5e4ef56 elementor-widget elementor-widget-text-editor\" data-id=\"5e4ef56\" data-element_type=\"widget\" data-e-type=\"widget\" data-widget_type=\"text-editor.default\">\n\t\t\t\t<div class=\"elementor-widget-container\">\n\t\t\t\t\t\t\t\t\t<p>Mel de la Vall de Ribes lleva m\u00e1s de 30 a\u00f1os cuidando a las abejas y creando productos naturales. <\/p><p>ApiDrap es nuestra apuesta por un futuro m\u00e1s sostenible, combinando tradici\u00f3n e innovaci\u00f3n.<\/p>\t\t\t\t\t\t\t\t<\/div>\n\t\t\t\t<\/div>\n\t\t\t\t<\/div>\n\t\t\t\t\t<\/div>\n\t\t\t\t<\/div>\n\t\t<div class=\"elementor-element elementor-element-6a18ba8 e-flex e-con-boxed e-con e-parent\" data-id=\"6a18ba8\" data-element_type=\"container\" data-e-type=\"container\">\n\t\t\t\t\t<div class=\"e-con-inner\">\n\t\t\t\t<div class=\"elementor-element elementor-element-5598cc8 elementor-widget elementor-widget-heading\" data-id=\"5598cc8\" data-element_type=\"widget\" data-e-type=\"widget\" data-widget_type=\"heading.default\">\n\t\t\t\t<div class=\"elementor-widget-container\">\n\t\t\t\t\t<h2 class=\"elementor-heading-title elementor-size-default\">Empieza hoy tu vida sin pl\u00e1stico<\/h2>\t\t\t\t<\/div>\n\t\t\t\t<\/div>\n\t\t\t\t<div class=\"elementor-element elementor-element-91fcdb6 elementor-widget elementor-widget-text-editor\" data-id=\"91fcdb6\" data-element_type=\"widget\" data-e-type=\"widget\" data-widget_type=\"text-editor.default\">\n\t\t\t\t<div class=\"elementor-widget-container\">\n\t\t\t\t\t\t\t\t\t<p>\u00danete al consumo sostenible con ApiDrap,<br>c\u00f3mpralo ahora y descubre qu\u00e9 f\u00e1cil es cuidar el planeta<\/p>\t\t\t\t\t\t\t\t<\/div>\n\t\t\t\t<\/div>\n\t\t\t\t<div class=\"elementor-element elementor-element-e84194f elementor-align-center elementor-widget elementor-widget-button\" data-id=\"e84194f\" data-element_type=\"widget\" data-e-type=\"widget\" data-widget_type=\"button.default\">\n\t\t\t\t<div class=\"elementor-widget-container\">\n\t\t\t\t\t\t\t\t\t<div class=\"elementor-button-wrapper\">\n\t\t\t\t\t<a class=\"elementor-button elementor-button-link elementor-size-sm\" href=\"https:\/\/www.melderibes.cat\/apidrap\" target=\"_blank\">\n\t\t\t\t\t\t<span class=\"elementor-button-content-wrapper\">\n\t\t\t\t\t\t\t\t\t<span class=\"elementor-button-text\">Compra ApiDrap online<\/span>\n\t\t\t\t\t<\/span>\n\t\t\t\t\t<\/a>\n\t\t\t\t<\/div>\n\t\t\t\t\t\t\t\t<\/div>\n\t\t\t\t<\/div>\n\t\t\t\t\t<\/div>\n\t\t\t\t<\/div>\n\t\t\t\t<\/div>\n\t\t","protected":false},"excerpt":{"rendered":"<p>ApiDrap La alternativa sosteniblepara envolver tus alimentos Reutilizable, artesanal y hecho con cera de abeja del Valle de Ribes. Reduce el pl\u00e1stico y cuida el planeta Descubre ApiDrap Comprar ahora! Un producto con esencia Cada ApiDrap se hace a mano en el Valle de Ribes con productos naturales: cera de abeja, aceite de almendras y &#8230; <a title=\"Apidrap\" class=\"read-more\" href=\"https:\/\/apidrap.com\/es\/\" aria-label=\"Leer m\u00e1s sobre Apidrap\">Read more<\/a><\/p>\n","protected":false},"author":2,"featured_media":0,"parent":0,"menu_order":0,"comment_status":"closed","ping_status":"closed","template":"","meta":{"footnotes":""},"class_list":["post-689","page","type-page","status-publish"],"_links":{"self":[{"href":"https:\/\/apidrap.com\/es\/wp-json\/wp\/v2\/pages\/689","targetHints":{"allow":["GET"]}}],"collection":[{"href":"https:\/\/apidrap.com\/es\/wp-json\/wp\/v2\/pages"}],"about":[{"href":"https:\/\/apidrap.com\/es\/wp-json\/wp\/v2\/types\/page"}],"author":[{"embeddable":true,"href":"https:\/\/apidrap.com\/es\/wp-json\/wp\/v2\/users\/2"}],"replies":[{"embeddable":true,"href":"https:\/\/apidrap.com\/es\/wp-json\/wp\/v2\/comments?post=689"}],"version-history":[{"count":6,"href":"https:\/\/apidrap.com\/es\/wp-json\/wp\/v2\/pages\/689\/revisions"}],"predecessor-version":[{"id":783,"href":"https:\/\/apidrap.com\/es\/wp-json\/wp\/v2\/pages\/689\/revisions\/783"}],"wp:attachment":[{"href":"https:\/\/apidrap.com\/es\/wp-json\/wp\/v2\/media?parent=689"}],"curies":[{"name":"wp","href":"https:\/\/api.w.org\/{rel}","templated":true}]}}