{"id":720,"date":"2025-11-10T06:05:12","date_gmt":"2025-11-10T06:05:12","guid":{"rendered":"https:\/\/apidrap.com\/como-se-utiliza\/"},"modified":"2026-02-24T06:37:58","modified_gmt":"2026-02-24T06:37:58","slug":"como-se-utiliza","status":"publish","type":"page","link":"https:\/\/apidrap.com\/es\/como-se-utiliza\/","title":{"rendered":"C\u00f3mo se utiliza"},"content":{"rendered":"\t\t<div data-elementor-type=\"wp-page\" data-elementor-id=\"720\" class=\"elementor elementor-720 elementor-242\" data-elementor-post-type=\"page\">\n\t\t\t\t<div class=\"elementor-element elementor-element-77c191e7 e-con-full e-flex e-con e-parent\" data-id=\"77c191e7\" data-element_type=\"container\" data-e-type=\"container\" data-settings=\"{&quot;background_background&quot;:&quot;gradient&quot;}\">\n\t\t<div class=\"elementor-element elementor-element-2681f60f e-con-full e-flex e-con e-child\" data-id=\"2681f60f\" data-element_type=\"container\" data-e-type=\"container\">\n\t\t<div class=\"elementor-element elementor-element-2c6ac72a e-flex e-con-boxed e-con e-child\" data-id=\"2c6ac72a\" data-element_type=\"container\" data-e-type=\"container\">\n\t\t\t\t\t<div class=\"e-con-inner\">\n\t\t\t\t<div class=\"elementor-element elementor-element-438d688 elementor-widget elementor-widget-heading\" data-id=\"438d688\" data-element_type=\"widget\" data-e-type=\"widget\" data-widget_type=\"heading.default\">\n\t\t\t\t<div class=\"elementor-widget-container\">\n\t\t\t\t\t<h1 class=\"elementor-heading-title elementor-size-default\">\u00bfC\u00f3mo se utiliza ApiDrap?<\/h1>\t\t\t\t<\/div>\n\t\t\t\t<\/div>\n\t\t\t\t<div class=\"elementor-element elementor-element-0017cd6 elementor-widget elementor-widget-text-editor\" data-id=\"0017cd6\" data-element_type=\"widget\" data-e-type=\"widget\" data-widget_type=\"text-editor.default\">\n\t\t\t\t<div class=\"elementor-widget-container\">\n\t\t\t\t\t\t\t\t\t<p>ENVUELVE &#8211; LAVA &#8211; REUTILIZA<\/p>\t\t\t\t\t\t\t\t<\/div>\n\t\t\t\t<\/div>\n\t\t\t\t\t<\/div>\n\t\t\t\t<\/div>\n\t\t\t\t<\/div>\n\t\t<div class=\"elementor-element elementor-element-dbeb279 e-con-full e-flex e-con e-child\" data-id=\"dbeb279\" data-element_type=\"container\" data-e-type=\"container\">\n\t\t\t\t<div class=\"elementor-element elementor-element-3276ab6 elementor-invisible elementor-widget elementor-widget-image\" data-id=\"3276ab6\" data-element_type=\"widget\" data-e-type=\"widget\" data-settings=\"{&quot;motion_fx_motion_fx_scrolling&quot;:&quot;yes&quot;,&quot;motion_fx_translateY_effect&quot;:&quot;yes&quot;,&quot;motion_fx_translateY_direction&quot;:&quot;negative&quot;,&quot;motion_fx_translateY_speed&quot;:{&quot;unit&quot;:&quot;px&quot;,&quot;size&quot;:1.5,&quot;sizes&quot;:[]},&quot;_animation&quot;:&quot;slideInRight&quot;,&quot;motion_fx_translateY_affectedRange&quot;:{&quot;unit&quot;:&quot;%&quot;,&quot;size&quot;:&quot;&quot;,&quot;sizes&quot;:{&quot;start&quot;:0,&quot;end&quot;:100}},&quot;motion_fx_devices&quot;:[&quot;desktop&quot;,&quot;tablet&quot;,&quot;mobile&quot;]}\" data-widget_type=\"image.default\">\n\t\t\t\t<div class=\"elementor-widget-container\">\n\t\t\t\t\t\t\t\t\t\t\t\t\t\t\t<img fetchpriority=\"high\" decoding=\"async\" width=\"1024\" height=\"768\" src=\"https:\/\/apidrap.com\/wp-content\/uploads\/2025\/11\/apidrap-6-1024x768.webp\" class=\"attachment-large size-large wp-image-716\" alt=\"\" srcset=\"https:\/\/apidrap.com\/wp-content\/uploads\/2025\/11\/apidrap-6-1024x768.webp 1024w, https:\/\/apidrap.com\/wp-content\/uploads\/2025\/11\/apidrap-6-300x225.webp 300w, https:\/\/apidrap.com\/wp-content\/uploads\/2025\/11\/apidrap-6-768x576.webp 768w, https:\/\/apidrap.com\/wp-content\/uploads\/2025\/11\/apidrap-6-1536x1152.webp 1536w, https:\/\/apidrap.com\/wp-content\/uploads\/2025\/11\/apidrap-6.webp 1920w\" sizes=\"(max-width: 1024px) 100vw, 1024px\" \/>\t\t\t\t\t\t\t\t\t\t\t\t\t\t\t<\/div>\n\t\t\t\t<\/div>\n\t\t\t\t<\/div>\n\t\t\t\t<\/div>\n\t\t<div class=\"elementor-element elementor-element-2a46352b e-flex e-con-boxed e-con e-parent\" data-id=\"2a46352b\" data-element_type=\"container\" data-e-type=\"container\" data-settings=\"{&quot;background_background&quot;:&quot;classic&quot;}\">\n\t\t\t\t\t<div class=\"e-con-inner\">\n\t\t<div class=\"elementor-element elementor-element-304b9017 e-con-full e-flex e-con e-child\" data-id=\"304b9017\" data-element_type=\"container\" data-e-type=\"container\">\n\t\t\t\t<div class=\"elementor-element elementor-element-170fd776 elementor-widget elementor-widget-heading\" data-id=\"170fd776\" data-element_type=\"widget\" data-e-type=\"widget\" data-widget_type=\"heading.default\">\n\t\t\t\t<div class=\"elementor-widget-container\">\n\t\t\t\t\t<h4 class=\"elementor-heading-title elementor-size-default\">F\u00c1CIL Y PR\u00c1CTICO<\/h4>\t\t\t\t<\/div>\n\t\t\t\t<\/div>\n\t\t\t\t<div class=\"elementor-element elementor-element-65e3c6a elementor-widget elementor-widget-heading\" data-id=\"65e3c6a\" data-element_type=\"widget\" data-e-type=\"widget\" data-widget_type=\"heading.default\">\n\t\t\t\t<div class=\"elementor-widget-container\">\n\t\t\t\t\t<h2 class=\"elementor-heading-title elementor-size-default\">Es muy f\u00e1cil!<\/h2>\t\t\t\t<\/div>\n\t\t\t\t<\/div>\n\t\t\t\t<\/div>\n\t\t<div class=\"elementor-element elementor-element-16d8d581 e-con-full e-flex e-con e-child\" data-id=\"16d8d581\" data-element_type=\"container\" data-e-type=\"container\">\n\t\t<div class=\"elementor-element elementor-element-46b936d5 e-con-full e-flex e-con e-child\" data-id=\"46b936d5\" data-element_type=\"container\" data-e-type=\"container\">\n\t\t\t\t<div class=\"elementor-element elementor-element-4ebc0cb elementor-widget elementor-widget-image\" data-id=\"4ebc0cb\" data-element_type=\"widget\" data-e-type=\"widget\" data-widget_type=\"image.default\">\n\t\t\t\t<div class=\"elementor-widget-container\">\n\t\t\t\t\t\t\t\t\t\t\t\t\t\t\t<img decoding=\"async\" width=\"300\" height=\"300\" src=\"https:\/\/apidrap.com\/wp-content\/uploads\/2025\/11\/apidrap-2x2-4-300x300.jpg\" class=\"attachment-medium size-medium wp-image-717\" alt=\"\" srcset=\"https:\/\/apidrap.com\/wp-content\/uploads\/2025\/11\/apidrap-2x2-4-300x300.jpg 300w, https:\/\/apidrap.com\/wp-content\/uploads\/2025\/11\/apidrap-2x2-4-150x150.jpg 150w, https:\/\/apidrap.com\/wp-content\/uploads\/2025\/11\/apidrap-2x2-4-20x20.jpg 20w, https:\/\/apidrap.com\/wp-content\/uploads\/2025\/11\/apidrap-2x2-4.jpg 350w\" sizes=\"(max-width: 300px) 100vw, 300px\" \/>\t\t\t\t\t\t\t\t\t\t\t\t\t\t\t<\/div>\n\t\t\t\t<\/div>\n\t\t\t\t<div class=\"elementor-element elementor-element-d0e8868 elementor-widget elementor-widget-heading\" data-id=\"d0e8868\" data-element_type=\"widget\" data-e-type=\"widget\" data-widget_type=\"heading.default\">\n\t\t\t\t<div class=\"elementor-widget-container\">\n\t\t\t\t\t<h3 class=\"elementor-heading-title elementor-size-default\">Envuelve<\/h3>\t\t\t\t<\/div>\n\t\t\t\t<\/div>\n\t\t\t\t<div class=\"elementor-element elementor-element-36378a7 elementor-widget elementor-widget-text-editor\" data-id=\"36378a7\" data-element_type=\"widget\" data-e-type=\"widget\" data-widget_type=\"text-editor.default\">\n\t\t\t\t<div class=\"elementor-widget-container\">\n\t\t\t\t\t\t\t\t\t<p>Con el calor de las manos, ApiDrap se adapta a cualquier alimento o recipiente.<\/p>\t\t\t\t\t\t\t\t<\/div>\n\t\t\t\t<\/div>\n\t\t\t\t<\/div>\n\t\t<div class=\"elementor-element elementor-element-abee743 e-con-full e-flex e-con e-child\" data-id=\"abee743\" data-element_type=\"container\" data-e-type=\"container\">\n\t\t\t\t<div class=\"elementor-element elementor-element-9fa84f6 elementor-widget elementor-widget-image\" data-id=\"9fa84f6\" data-element_type=\"widget\" data-e-type=\"widget\" data-widget_type=\"image.default\">\n\t\t\t\t<div class=\"elementor-widget-container\">\n\t\t\t\t\t\t\t\t\t\t\t\t\t\t\t<img decoding=\"async\" width=\"300\" height=\"300\" src=\"https:\/\/apidrap.com\/wp-content\/uploads\/2025\/11\/apidrap-2x2-2-300x300.jpg\" class=\"attachment-medium size-medium wp-image-718\" alt=\"\" srcset=\"https:\/\/apidrap.com\/wp-content\/uploads\/2025\/11\/apidrap-2x2-2-300x300.jpg 300w, https:\/\/apidrap.com\/wp-content\/uploads\/2025\/11\/apidrap-2x2-2-150x150.jpg 150w, https:\/\/apidrap.com\/wp-content\/uploads\/2025\/11\/apidrap-2x2-2-20x20.jpg 20w, https:\/\/apidrap.com\/wp-content\/uploads\/2025\/11\/apidrap-2x2-2.jpg 350w\" sizes=\"(max-width: 300px) 100vw, 300px\" \/>\t\t\t\t\t\t\t\t\t\t\t\t\t\t\t<\/div>\n\t\t\t\t<\/div>\n\t\t\t\t<div class=\"elementor-element elementor-element-6bb136b elementor-widget elementor-widget-heading\" data-id=\"6bb136b\" data-element_type=\"widget\" data-e-type=\"widget\" data-widget_type=\"heading.default\">\n\t\t\t\t<div class=\"elementor-widget-container\">\n\t\t\t\t\t<h3 class=\"elementor-heading-title elementor-size-default\">Lava<\/h3>\t\t\t\t<\/div>\n\t\t\t\t<\/div>\n\t\t\t\t<div class=\"elementor-element elementor-element-fa97221 elementor-widget elementor-widget-text-editor\" data-id=\"fa97221\" data-element_type=\"widget\" data-e-type=\"widget\" data-widget_type=\"text-editor.default\">\n\t\t\t\t<div class=\"elementor-widget-container\">\n\t\t\t\t\t\t\t\t\t<p>Lavar con agua tibia y un jab\u00f3n suave. Secar al aire evitando fuentes de calor.<\/p>\t\t\t\t\t\t\t\t<\/div>\n\t\t\t\t<\/div>\n\t\t\t\t<\/div>\n\t\t<div class=\"elementor-element elementor-element-d31d1ad e-con-full e-flex e-con e-child\" data-id=\"d31d1ad\" data-element_type=\"container\" data-e-type=\"container\">\n\t\t\t\t<div class=\"elementor-element elementor-element-a4e8fe6 elementor-widget elementor-widget-image\" data-id=\"a4e8fe6\" data-element_type=\"widget\" data-e-type=\"widget\" data-widget_type=\"image.default\">\n\t\t\t\t<div class=\"elementor-widget-container\">\n\t\t\t\t\t\t\t\t\t\t\t\t\t\t\t<img loading=\"lazy\" decoding=\"async\" width=\"300\" height=\"300\" src=\"https:\/\/apidrap.com\/wp-content\/uploads\/2025\/11\/apidrap-2x2_3-300x300.jpeg\" class=\"attachment-medium size-medium wp-image-719\" alt=\"\" srcset=\"https:\/\/apidrap.com\/wp-content\/uploads\/2025\/11\/apidrap-2x2_3-300x300.jpeg 300w, https:\/\/apidrap.com\/wp-content\/uploads\/2025\/11\/apidrap-2x2_3-150x150.jpeg 150w, https:\/\/apidrap.com\/wp-content\/uploads\/2025\/11\/apidrap-2x2_3-20x20.jpeg 20w, https:\/\/apidrap.com\/wp-content\/uploads\/2025\/11\/apidrap-2x2_3.jpeg 350w\" sizes=\"(max-width: 300px) 100vw, 300px\" \/>\t\t\t\t\t\t\t\t\t\t\t\t\t\t\t<\/div>\n\t\t\t\t<\/div>\n\t\t\t\t<div class=\"elementor-element elementor-element-8c0b13f elementor-widget elementor-widget-heading\" data-id=\"8c0b13f\" data-element_type=\"widget\" data-e-type=\"widget\" data-widget_type=\"heading.default\">\n\t\t\t\t<div class=\"elementor-widget-container\">\n\t\t\t\t\t<h3 class=\"elementor-heading-title elementor-size-default\">Reutiliza<\/h3>\t\t\t\t<\/div>\n\t\t\t\t<\/div>\n\t\t\t\t<div class=\"elementor-element elementor-element-b1f1c53 elementor-widget elementor-widget-text-editor\" data-id=\"b1f1c53\" data-element_type=\"widget\" data-e-type=\"widget\" data-widget_type=\"text-editor.default\">\n\t\t\t\t<div class=\"elementor-widget-container\">\n\t\t\t\t\t\t\t\t\t<p>ApiDrap dura hasta un a\u00f1o con un cuidado adecuado y un uso regular. Cuando pierda adherencia, recup\u00e9ralo con nuestra cera formulada o bien se puede tirar al compost.<\/p>\t\t\t\t\t\t\t\t<\/div>\n\t\t\t\t<\/div>\n\t\t\t\t<\/div>\n\t\t\t\t<\/div>\n\t\t\t\t\t<\/div>\n\t\t\t\t<\/div>\n\t\t<div class=\"elementor-element elementor-element-29cd12b6 e-flex e-con-boxed e-con e-parent\" data-id=\"29cd12b6\" data-element_type=\"container\" data-e-type=\"container\">\n\t\t\t\t\t<div class=\"e-con-inner\">\n\t\t<div class=\"elementor-element elementor-element-4df94cf9 e-con-full e-flex e-con e-child\" data-id=\"4df94cf9\" data-element_type=\"container\" data-e-type=\"container\">\n\t\t\t\t<div class=\"elementor-element elementor-element-355f813 elementor-widget elementor-widget-heading\" data-id=\"355f813\" data-element_type=\"widget\" data-e-type=\"widget\" data-widget_type=\"heading.default\">\n\t\t\t\t<div class=\"elementor-widget-container\">\n\t\t\t\t\t<h2 class=\"elementor-heading-title elementor-size-default\">Respondemos a tus dudas<\/h2>\t\t\t\t<\/div>\n\t\t\t\t<\/div>\n\t\t\t\t<div class=\"elementor-element elementor-element-4c0b9648 elementor-invisible elementor-widget elementor-widget-text-editor\" data-id=\"4c0b9648\" data-element_type=\"widget\" data-e-type=\"widget\" data-settings=\"{&quot;_animation&quot;:&quot;fadeIn&quot;,&quot;_animation_delay&quot;:200}\" data-widget_type=\"text-editor.default\">\n\t\t\t\t<div class=\"elementor-widget-container\">\n\t\t\t\t\t\t\t\t\t<p>Haznos llegar tus dudas a <a href=\"mailto:info@apidrap.com\">info@apidrap.com<\/a><\/p>\t\t\t\t\t\t\t\t<\/div>\n\t\t\t\t<\/div>\n\t\t\t\t<\/div>\n\t\t\t\t<div class=\"elementor-element elementor-element-14b9d497 elementor-widget__width-initial elementor-widget-tablet__width-inherit elementor-widget elementor-widget-toggle\" data-id=\"14b9d497\" data-element_type=\"widget\" data-e-type=\"widget\" data-widget_type=\"toggle.default\">\n\t\t\t\t<div class=\"elementor-widget-container\">\n\t\t\t\t\t\t\t<div class=\"elementor-toggle\">\n\t\t\t\t\t\t\t<div class=\"elementor-toggle-item\">\n\t\t\t\t\t<div id=\"elementor-tab-title-3471\" class=\"elementor-tab-title\" data-tab=\"1\" role=\"button\" aria-controls=\"elementor-tab-content-3471\" aria-expanded=\"false\">\n\t\t\t\t\t\t\t\t\t\t\t\t<a class=\"elementor-toggle-title\" tabindex=\"0\">\u00bfC\u00f3mo utilizarlo?<\/a>\n\t\t\t\t\t<\/div>\n\n\t\t\t\t\t<div id=\"elementor-tab-content-3471\" class=\"elementor-tab-content elementor-clearfix\" data-tab=\"1\" role=\"region\" aria-labelledby=\"elementor-tab-title-3471\"><p>ApiDrap son envoltorios alimentarios reutilizables.<\/p>\n<p>Utilizad la calidez de vuestras manos para dar forma al envoltorio de cera alrededor de los alimentos, creando un sello protector y transpirable. Guardadlo en la nevera, en la encimera o en la bolsa del almuerzo. Ideal para: productos peque\u00f1os (medio aguacate, lim\u00f3n o cebolla), queso y pan.<\/p>\n<\/div>\n\t\t\t\t<\/div>\n\t\t\t\t\t\t\t<div class=\"elementor-toggle-item\">\n\t\t\t\t\t<div id=\"elementor-tab-title-3472\" class=\"elementor-tab-title\" data-tab=\"2\" role=\"button\" aria-controls=\"elementor-tab-content-3472\" aria-expanded=\"false\">\n\t\t\t\t\t\t\t\t\t\t\t\t<a class=\"elementor-toggle-title\" tabindex=\"0\">\u00bfCu\u00e1nto tiempo dura un ApiDrap?<\/a>\n\t\t\t\t\t<\/div>\n\n\t\t\t\t\t<div id=\"elementor-tab-content-3472\" class=\"elementor-tab-content elementor-clearfix\" data-tab=\"2\" role=\"region\" aria-labelledby=\"elementor-tab-title-3472\"><p>ApiDrap dura hasta un a\u00f1o con un cuidado adecuado y un uso regular. Sabr\u00e1s que tu envoltorio ha llegado al final de su vida \u00fatil en la cocina cuando se haya desgastado y tenga problemas para adherirse a s\u00ed mismo. En ese momento, puedes recuperarlo con nuestra cera formulada o bien tirarlo al compost.<\/p>\n<\/div>\n\t\t\t\t<\/div>\n\t\t\t\t\t\t\t<div class=\"elementor-toggle-item\">\n\t\t\t\t\t<div id=\"elementor-tab-title-3473\" class=\"elementor-tab-title\" data-tab=\"3\" role=\"button\" aria-controls=\"elementor-tab-content-3473\" aria-expanded=\"false\">\n\t\t\t\t\t\t\t\t\t\t\t\t<a class=\"elementor-toggle-title\" tabindex=\"0\">\u00bfC\u00f3mo cuidar mis envoltorios?<\/a>\n\t\t\t\t\t<\/div>\n\n\t\t\t\t\t<div id=\"elementor-tab-content-3473\" class=\"elementor-tab-content elementor-clearfix\" data-tab=\"3\" role=\"region\" aria-labelledby=\"elementor-tab-title-3473\"><p>F\u00e1cil! Solo hay que lavarlo con agua tibia y un jab\u00f3n suave. A continuaci\u00f3n, colocad vuestros envoltorios en un tendedero para que se sequen al aire, o bien secadlos con un trapo. Recordad evitar todas las fuentes de calor, incluyendo el agua caliente, los microondas, los hornos, los coches en verano y los boles con comida caliente.<\/p>\n<\/div>\n\t\t\t\t<\/div>\n\t\t\t\t\t\t\t<div class=\"elementor-toggle-item\">\n\t\t\t\t\t<div id=\"elementor-tab-title-3474\" class=\"elementor-tab-title\" data-tab=\"4\" role=\"button\" aria-controls=\"elementor-tab-content-3474\" aria-expanded=\"false\">\n\t\t\t\t\t\t\t\t\t\t\t\t<a class=\"elementor-toggle-title\" tabindex=\"0\">\u00bfDe qu\u00e9 est\u00e1 hecho ApiDrap?<\/a>\n\t\t\t\t\t<\/div>\n\n\t\t\t\t\t<div id=\"elementor-tab-content-3474\" class=\"elementor-tab-content elementor-clearfix\" data-tab=\"4\" role=\"region\" aria-labelledby=\"elementor-tab-title-3474\"><p>Nuestras telas enceradas est\u00e1n hechas de algod\u00f3n org\u00e1nico certificado, cera de abejas de nuestra explotaci\u00f3n, aceite vegetal y resina vegetal. Esta combinaci\u00f3n de ingredientes crea un envoltorio alimentario maleable que se puede utilizar una y otra vez.<\/p>\n<\/div>\n\t\t\t\t<\/div>\n\t\t\t\t\t\t\t<div class=\"elementor-toggle-item\">\n\t\t\t\t\t<div id=\"elementor-tab-title-3475\" class=\"elementor-tab-title\" data-tab=\"5\" role=\"button\" aria-controls=\"elementor-tab-content-3475\" aria-expanded=\"false\">\n\t\t\t\t\t\t\t\t\t\t\t\t<a class=\"elementor-toggle-title\" tabindex=\"0\">\u00bfHuele ApiDrap?<\/a>\n\t\t\t\t\t<\/div>\n\n\t\t\t\t\t<div id=\"elementor-tab-content-3475\" class=\"elementor-tab-content elementor-clearfix\" data-tab=\"5\" role=\"region\" aria-labelledby=\"elementor-tab-title-3475\"><p>S\u00ed. Cuando lo abras por primera vez, sentir\u00e1s el olor de la cera de abeja.. El olor se desvanecer\u00e1 tras los primeros usos y lavados, hasta que ya no lo pod\u00e1is detectar.<\/p>\n<\/div>\n\t\t\t\t<\/div>\n\t\t\t\t\t\t\t<div class=\"elementor-toggle-item\">\n\t\t\t\t\t<div id=\"elementor-tab-title-3476\" class=\"elementor-tab-title\" data-tab=\"6\" role=\"button\" aria-controls=\"elementor-tab-content-3476\" aria-expanded=\"false\">\n\t\t\t\t\t\t\t\t\t\t\t\t<a class=\"elementor-toggle-title\" tabindex=\"0\">\u00bfD\u00f3nde se fabrica ApiDrap?<\/a>\n\t\t\t\t\t<\/div>\n\n\t\t\t\t\t<div id=\"elementor-tab-content-3476\" class=\"elementor-tab-content elementor-clearfix\" data-tab=\"6\" role=\"region\" aria-labelledby=\"elementor-tab-title-3476\"><p>ApiDrap se fabrica con mucho orgullo en Ribes de Freser, Catalunya.<\/p>\n<\/div>\n\t\t\t\t<\/div>\n\t\t\t\t\t\t\t\t\t\t<script type=\"application\/ld+json\">{\"@context\":\"https:\\\/\\\/schema.org\",\"@type\":\"FAQPage\",\"mainEntity\":[{\"@type\":\"Question\",\"name\":\"\\u00bfC\\u00f3mo utilizarlo?\",\"acceptedAnswer\":{\"@type\":\"Answer\",\"text\":\"<p>ApiDrap son envoltorios alimentarios reutilizables.<\\\/p>\\n<p>Utilizad la calidez de vuestras manos para dar forma al envoltorio de cera alrededor de los alimentos, creando un sello protector y transpirable. Guardadlo en la nevera, en la encimera o en la bolsa del almuerzo. Ideal para: productos peque\\u00f1os (medio aguacate, lim\\u00f3n o cebolla), queso y pan.<\\\/p>\\n\"}},{\"@type\":\"Question\",\"name\":\"\\u00bfCu\\u00e1nto tiempo dura un ApiDrap?\",\"acceptedAnswer\":{\"@type\":\"Answer\",\"text\":\"<p>ApiDrap dura hasta un a\\u00f1o con un cuidado adecuado y un uso regular. Sabr\\u00e1s que tu envoltorio ha llegado al final de su vida \\u00fatil en la cocina cuando se haya desgastado y tenga problemas para adherirse a s\\u00ed mismo. En ese momento, puedes recuperarlo con nuestra cera formulada o bien tirarlo al compost.<\\\/p>\\n\"}},{\"@type\":\"Question\",\"name\":\"\\u00bfC\\u00f3mo cuidar mis envoltorios?\",\"acceptedAnswer\":{\"@type\":\"Answer\",\"text\":\"<p>F\\u00e1cil! Solo hay que lavarlo con agua tibia y un jab\\u00f3n suave. A continuaci\\u00f3n, colocad vuestros envoltorios en un tendedero para que se sequen al aire, o bien secadlos con un trapo. Recordad evitar todas las fuentes de calor, incluyendo el agua caliente, los microondas, los hornos, los coches en verano y los boles con comida caliente.<\\\/p>\\n\"}},{\"@type\":\"Question\",\"name\":\"\\u00bfDe qu\\u00e9 est\\u00e1 hecho ApiDrap?\",\"acceptedAnswer\":{\"@type\":\"Answer\",\"text\":\"<p>Nuestras telas enceradas est\\u00e1n hechas de algod\\u00f3n org\\u00e1nico certificado, cera de abejas de nuestra explotaci\\u00f3n, aceite vegetal y resina vegetal. Esta combinaci\\u00f3n de ingredientes crea un envoltorio alimentario maleable que se puede utilizar una y otra vez.<\\\/p>\\n\"}},{\"@type\":\"Question\",\"name\":\"\\u00bfHuele ApiDrap?\",\"acceptedAnswer\":{\"@type\":\"Answer\",\"text\":\"<p>S\\u00ed. Cuando lo abras por primera vez, sentir\\u00e1s el olor de la cera de abeja.. El olor se desvanecer\\u00e1 tras los primeros usos y lavados, hasta que ya no lo pod\\u00e1is detectar.<\\\/p>\\n\"}},{\"@type\":\"Question\",\"name\":\"\\u00bfD\\u00f3nde se fabrica ApiDrap?\",\"acceptedAnswer\":{\"@type\":\"Answer\",\"text\":\"<p>ApiDrap se fabrica con mucho orgullo en Ribes de Freser, Catalunya.<\\\/p>\\n\"}}]}<\/script>\n\t\t\t\t\t<\/div>\n\t\t\t\t\t\t<\/div>\n\t\t\t\t<\/div>\n\t\t\t\t\t<\/div>\n\t\t\t\t<\/div>\n\t\t<div class=\"elementor-element elementor-element-bb14957 e-flex e-con-boxed e-con e-parent\" data-id=\"bb14957\" data-element_type=\"container\" data-e-type=\"container\" data-settings=\"{&quot;background_background&quot;:&quot;classic&quot;}\">\n\t\t\t\t\t<div class=\"e-con-inner\">\n\t\t\t\t<div class=\"elementor-element elementor-element-5d4b4b4 elementor-widget elementor-widget-heading\" data-id=\"5d4b4b4\" data-element_type=\"widget\" data-e-type=\"widget\" data-widget_type=\"heading.default\">\n\t\t\t\t<div class=\"elementor-widget-container\">\n\t\t\t\t\t<h2 class=\"elementor-heading-title elementor-size-default\">Empieza hoy tu cambio sin pl\u00e1stico<\/h2>\t\t\t\t<\/div>\n\t\t\t\t<\/div>\n\t\t\t\t<div class=\"elementor-element elementor-element-3646b5a elementor-invisible elementor-widget elementor-widget-text-editor\" data-id=\"3646b5a\" data-element_type=\"widget\" data-e-type=\"widget\" data-settings=\"{&quot;_animation&quot;:&quot;fadeIn&quot;,&quot;_animation_delay&quot;:200}\" data-widget_type=\"text-editor.default\">\n\t\t\t\t<div class=\"elementor-widget-container\">\n\t\t\t\t\t\t\t\t\t<p><span style=\"font-weight: 400;\">ApiDrap es el primer paso hacia una cocina m\u00e1s sostenible. Compra ahora y \u00fanete al movimiento ecol\u00f3gico.<\/span><\/p>\t\t\t\t\t\t\t\t<\/div>\n\t\t\t\t<\/div>\n\t\t\t\t<div class=\"elementor-element elementor-element-444f565 elementor-align-center elementor-widget elementor-widget-button\" data-id=\"444f565\" data-element_type=\"widget\" data-e-type=\"widget\" data-widget_type=\"button.default\">\n\t\t\t\t<div class=\"elementor-widget-container\">\n\t\t\t\t\t\t\t\t\t<div class=\"elementor-button-wrapper\">\n\t\t\t\t\t<a class=\"elementor-button elementor-button-link elementor-size-sm\" href=\"https:\/\/www.melderibes.cat\/apidrap\" target=\"_blank\">\n\t\t\t\t\t\t<span class=\"elementor-button-content-wrapper\">\n\t\t\t\t\t\t\t\t\t<span class=\"elementor-button-text\">Compra tu ApiDrap<\/span>\n\t\t\t\t\t<\/span>\n\t\t\t\t\t<\/a>\n\t\t\t\t<\/div>\n\t\t\t\t\t\t\t\t<\/div>\n\t\t\t\t<\/div>\n\t\t\t\t\t<\/div>\n\t\t\t\t<\/div>\n\t\t\t\t<\/div>\n\t\t","protected":false},"excerpt":{"rendered":"<p>\u00bfC\u00f3mo se utiliza ApiDrap? ENVUELVE &#8211; LAVA &#8211; REUTILIZA F\u00c1CIL Y PR\u00c1CTICO Es muy f\u00e1cil! Envuelve Con el calor de las manos, ApiDrap se adapta a cualquier alimento o recipiente. Lava Lavar con agua tibia y un jab\u00f3n suave. Secar al aire evitando fuentes de calor. Reutiliza ApiDrap dura hasta un a\u00f1o con un cuidado &#8230; <a title=\"C\u00f3mo se utiliza\" class=\"read-more\" href=\"https:\/\/apidrap.com\/es\/como-se-utiliza\/\" aria-label=\"Leer m\u00e1s sobre C\u00f3mo se utiliza\">Read more<\/a><\/p>\n","protected":false},"author":2,"featured_media":0,"parent":0,"menu_order":4,"comment_status":"closed","ping_status":"closed","template":"","meta":{"footnotes":""},"class_list":["post-720","page","type-page","status-publish"],"_links":{"self":[{"href":"https:\/\/apidrap.com\/es\/wp-json\/wp\/v2\/pages\/720","targetHints":{"allow":["GET"]}}],"collection":[{"href":"https:\/\/apidrap.com\/es\/wp-json\/wp\/v2\/pages"}],"about":[{"href":"https:\/\/apidrap.com\/es\/wp-json\/wp\/v2\/types\/page"}],"author":[{"embeddable":true,"href":"https:\/\/apidrap.com\/es\/wp-json\/wp\/v2\/users\/2"}],"replies":[{"embeddable":true,"href":"https:\/\/apidrap.com\/es\/wp-json\/wp\/v2\/comments?post=720"}],"version-history":[{"count":5,"href":"https:\/\/apidrap.com\/es\/wp-json\/wp\/v2\/pages\/720\/revisions"}],"predecessor-version":[{"id":766,"href":"https:\/\/apidrap.com\/es\/wp-json\/wp\/v2\/pages\/720\/revisions\/766"}],"wp:attachment":[{"href":"https:\/\/apidrap.com\/es\/wp-json\/wp\/v2\/media?parent=720"}],"curies":[{"name":"wp","href":"https:\/\/api.w.org\/{rel}","templated":true}]}}