{"id":767,"date":"2025-12-30T09:48:18","date_gmt":"2025-12-30T09:48:18","guid":{"rendered":"https:\/\/apidrap.com\/politica-de-privacidad\/"},"modified":"2026-02-24T06:53:07","modified_gmt":"2026-02-24T06:53:07","slug":"politica-de-privacidad","status":"publish","type":"page","link":"https:\/\/apidrap.com\/es\/politica-de-privacidad\/","title":{"rendered":"Pol\u00edtica de privacidad"},"content":{"rendered":"\t\t<div data-elementor-type=\"wp-page\" data-elementor-id=\"767\" class=\"elementor elementor-767 elementor-599\" data-elementor-post-type=\"page\">\n\t\t\t\t<div class=\"elementor-element elementor-element-a6428a6 e-flex e-con-boxed e-con e-parent\" data-id=\"a6428a6\" data-element_type=\"container\" data-e-type=\"container\">\n\t\t\t\t\t<div class=\"e-con-inner\">\n\t\t\t\t<div class=\"elementor-element elementor-element-6ff3894 elementor-widget elementor-widget-text-editor\" data-id=\"6ff3894\" data-element_type=\"widget\" data-e-type=\"widget\" data-widget_type=\"text-editor.default\">\n\t\t\t\t<div class=\"elementor-widget-container\">\n\t\t\t\t\t\t\t\t\t<div id=\"comp-khcjmb6o\" class=\"HcOXKn SxM0TO QxJLC3 lq2cno YQcXTT comp-khcjmb6o wixui-rich-text\" data-testid=\"richTextElement\"><h1 class=\"font_4 wixui-rich-text__text\">Pol\u00edtica de Privacidad<\/h1><\/div><div id=\"comp-khcjmb6w\" class=\"comp-khcjmb6w aVng1S wixui-horizontal-line\"> <\/div><div id=\"comp-khcjnyro\" class=\"HcOXKn SxM0TO QxJLC3 lq2cno YQcXTT comp-khcjnyro wixui-rich-text\" data-testid=\"richTextElement\"><p class=\"font_8 wixui-rich-text__text\"><span class=\"wixui-rich-text__text\">La presente Pol\u00edtica de Protecci\u00f3n de Datos de Miel Valle de Ribes (MVR) se aplicar\u00e1 a la navegaci\u00f3n en nuestro sitio web, <a class=\"wixui-rich-text__text\" href=\"http:\/\/www.melderibes.cat\/\" target=\"_blank\" rel=\"noopener\" data-auto-recognition=\"true\">www.melderibes.cat<\/a>, as\u00ed como a la compra de nuestros productos a trav\u00e9s del mismo.<\/span><\/p><p class=\"font_8 wixui-rich-text__text\"><span class=\"wixui-rich-text__text\">Establece la forma en que se gestionar\u00e1n los datos personales recogidos en este sitio web. Es imprescindible que la leas y aceptes para seguir navegando. <\/span><\/p><p class=\"font_8 wixui-rich-text__text\"><strong>REGULACIONES LEGALES EN MATERIA DE PRIVACIDAD A LAS QUE SE ACOGE ESTE SITIO WEB<\/strong><\/p><p class=\"font_8 wixui-rich-text__text\"><span class=\"wixui-rich-text__text\">Este sitio web est\u00e1 adecuado a las exigencias de la Ley Org\u00e1nica 3\/2018, de 5 de diciembre, de Protecci\u00f3n de Datos Personales y Garant\u00eda de Derechos Digitales (LOPDGDD). Cumple tambi\u00e9n con el Reglamento (UE) 2016\/679 del Parlamento Europeo y del Consejo de 27 de abril de 2016 relativo a la protecci\u00f3n de las personas f\u00edsicas (RGPD), as\u00ed como con la Ley 34\/2002 de 11 de julio de Servicios de la Sociedad de la Informaci\u00f3n y Comercio Electr\u00f3nico (LSSICE o LSSI). <\/span><\/p><p class=\"font_8 wixui-rich-text__text\"><strong>\u00bfQUI\u00c9N ES EL RESPONSABLE DEL TRATAMIENTO DE SUS DATOS PERSONALES?<\/strong><\/p><p class=\"font_8 wixui-rich-text__text\"><span class=\"wixui-rich-text__text\">Mel Vall de Ribes, con domicilio en Cal Feliu de Bruguera, con direcci\u00f3n de correo electr\u00f3nico: <a class=\"wixui-rich-text__text\" href=\"mailto:info@melderibes.cat\" data-auto-recognition=\"true\">info@melderibes.cat<\/a><\/span><\/p><p class=\"font_8 wixui-rich-text__text\"><span class=\"wixui-rich-text__text\">En adelante MVR<br>Delegado de Protecci\u00f3n de Datos: <a class=\"wixui-rich-text__text\" href=\"mailto:info@melderibes.cat\" data-auto-recognition=\"true\">info@melderibes.cat<\/a><\/span><\/p><p class=\"font_8 wixui-rich-text__text\"><strong>LEGITIMACI\u00d3N PARA EL TRATAMIENTO DE SUS DATOS<\/strong><\/p><p class=\"font_8 wixui-rich-text__text\"><span class=\"wixui-rich-text__text\">La base legal para el tratamiento de sus datos es el consentimiento<\/span><\/p><p class=\"font_8 wixui-rich-text__text\"><span class=\"wixui-rich-text__text\">Para suscribirte, contactar o comentar en esta web se requiere el consentimiento a esta pol\u00edtica de privacidad.<\/span><\/p><p class=\"font_8 wixui-rich-text__text\"><span class=\"wixui-rich-text__text\">La oferta prospectiva o comercial de productos est\u00e1 basada en el consentimiento que se le solicita, sin que en ning\u00fan caso la retirada de este consentimiento condicione la ejecuci\u00f3n del contrato de suscripci\u00f3n.<\/span><\/p><p class=\"font_8 wixui-rich-text__text\"><span class=\"wixui-rich-text__text\">La base legal para el tratamiento de los datos de las personas que adquieran productos ofrecidos por MVR en este sitio web, es la ejecuci\u00f3n del contrato de venta online.<\/span><\/p><p class=\"font_8 wixui-rich-text__text\"><strong>\u200bCATEGOR\u00cdAS DE DATOS<\/strong><\/p><p class=\"font_8 wixui-rich-text__text\"><span class=\"wixui-rich-text__text\">Las categor\u00edas de datos tratadas son datos de identidad: nombre y apellidos, direcci\u00f3n, tel\u00e9fono y correo electr\u00f3nico.<\/span><\/p><p class=\"font_8 wixui-rich-text__text\"><span class=\"wixui-rich-text__text\">No se tratan categor\u00edas de datos econ\u00f3micos o financieros ni tampoco datos especialmente protegidos.<\/span><\/p><p class=\"font_8 wixui-rich-text__text\"><strong>\u00bfQU\u00c9 DATOS PERSONALES RECOGEMOS SOBRE USTED?<\/strong><\/p><p class=\"font_8 wixui-rich-text__text\"><span class=\"wixui-rich-text__text\">\u2022 Datos de identificaci\u00f3n. Nombre y apellidos, direcci\u00f3n postal, correo electr\u00f3nico y tel\u00e9fono. <\/span><\/p><p class=\"font_8 wixui-rich-text__text\"><span class=\"wixui-rich-text__text\">\u2022 Informaci\u00f3n de pagos. Los pagos de nuestros productos se gestionan a trav\u00e9s de la pasarela de pagos segura de Wix Payments o Paypal, por lo que MVR no recoge ning\u00fan dato personal de esta naturaleza. <\/span><\/p><p class=\"font_8 wixui-rich-text__text\"><span class=\"wixui-rich-text__text\">\u2022 Cualquier dato que usted de forma voluntaria, nos env\u00ede a nuestra direcci\u00f3n de correo electr\u00f3nico <a class=\"wixui-rich-text__text\" href=\"mailto:info@melderibes.cat\" data-auto-recognition=\"true\">info@melderibes.cat<\/a><\/span><\/p><p class=\"font_8 wixui-rich-text__text\"><span class=\"wixui-rich-text__text\">\u2022 Los datos que usted nos facilite mediante nuestros formularios de suscripci\u00f3n en el Newsletter o bolet\u00edn.<\/span><\/p><p class=\"font_8 wixui-rich-text__text\"><span class=\"wixui-rich-text__text\">\u2022 Cualquier informaci\u00f3n que usted, de forma voluntaria, comparta p\u00fablicamente en las redes sociales de MVR. Esta informaci\u00f3n estar\u00e1 sujeta a la pol\u00edtica de privacidad de la red social en la que usted la comparta, por lo que le recomendamos revise la configuraci\u00f3n de privacidad de su perfil. <\/span><\/p><p class=\"font_8 wixui-rich-text__text\"><span class=\"wixui-rich-text__text\"><span class=\"wixGuard wixui-rich-text__text\">\u200bSISTEMAS DE CAPTURA DE INFORMACI\u00d3N QUE HACE SERVIR ESTE SITIO WEB<\/span><\/span><\/p><p class=\"font_8 wixui-rich-text__text\"><span class=\"wixui-rich-text__text\">-Formulario de registro: En este caso solicitamos al usuario los siguientes datos personales: Nombre, Apellidos y Correo Electr\u00f3nico. Los datos facilitados ser\u00e1n utilizados \u00fanicamente para enviar Newsletter y mantener al usuario actualizado sobre nuestras novedades y ofertas puntuales, exclusivas para suscriptores. <\/span><\/p><p class=\"font_8 wixui-rich-text__text\"><span class=\"wixui-rich-text__text\">-Formulario de venta: Tambi\u00e9n tratamos datos personales para gestionar la compra por parte del usuario de nuestros productos para poder gestionar el pedido, el pago y todas las operaciones relacionadas con la compra del\/los producto\/s escogidos. Esto incluye el env\u00edo por nuestra parte de correos electr\u00f3nicos de seguimiento, respuestas a consultas sobre el pedido, facturas, recibos, etc. <\/span><\/p><p class=\"font_8 wixui-rich-text__text\"><span class=\"wixui-rich-text__text\">-Cookies o cookies: Cuando un usuario se graba y navega por el sitio web, se almacenan cookies o \u00abcookies\u00bb en su dispositivo. El usuario puede consultar cuando lo desee la Pol\u00edtica de Cookies para ampliar la informaci\u00f3n sobre el uso de Cookies y c\u00f3mo desactivarlas. <\/span><\/p><p class=\"font_8 wixui-rich-text__text\"><strong>\u00bfTRATAMOS DATOS DE MENORES?<\/strong><\/p><p class=\"font_8 wixui-rich-text__text\"><span class=\"wixui-rich-text__text\">La venta de nuestros productos no est\u00e1 dirigida a menores de edad. Sin embargo, aquellos menores de 16 a\u00f1os que deseen registrar en nuestra web y\/o adquirir nuestros productos deben tener la autorizaci\u00f3n del padre\/madre\/tutor o representante legal. <\/span><\/p><p class=\"font_8 wixui-rich-text__text\"><span class=\"wixui-rich-text__text\">Asimismo, en caso de que usted comparta en nuestras redes sociales im\u00e1genes en las que aparezcan menores de 16 a\u00f1os, debe asegurarse de contar previamente con la autorizaci\u00f3n del padre\/madre\/tutor o representante legal del menor.<\/span><\/p><p class=\"font_8 wixui-rich-text__text\"><span class=\"wixui-rich-text__text\">MVR se reserva el derecho de solicitarle en cualquier momento la acreditaci\u00f3n de la autorizaci\u00f3n.<\/span><\/p><p class=\"font_8 wixui-rich-text__text\"><strong>\u00bfPARA QU\u00c9 TRATAMOS SUS DATOS PERSONALES?<\/strong><\/p><p class=\"font_8 wixui-rich-text__text\"><span class=\"wixui-rich-text__text\">MVR utilizar\u00e1 sus datos personales con las siguientes finalidades:<\/span><\/p><p class=\"font_8 wixui-rich-text__text\"><span class=\"wixui-rich-text__text\">\u2022 Garantizar la correcta tramitaci\u00f3n de su pedido, en caso de que usted adquiera alguno de nuestros productos.<\/span><\/p><p class=\"font_8 wixui-rich-text__text\"><span class=\"wixui-rich-text__text\">\u2022 Enviarle correos electr\u00f3nicos de informaci\u00f3n comercial, promociones y descuentos especiales para suscriptores.<\/span><\/p><p class=\"font_8 wixui-rich-text__text\"><span class=\"wixui-rich-text__text\">MVR utiliza sus redes sociales para publicitar sus productos. En este sentido, al compartir sus datos en nuestras redes sociales, usted consiente expresamente y nos autoriza a reproducirlos y comunicarlos p\u00fablicamente en estas redes con las finalidades antes expresadas. <\/span><\/p><p class=\"font_8 wixui-rich-text__text\"><span class=\"wixui-rich-text__text\">Usted podr\u00e1 revocar este consentimiento en cualquier momento, mediante el env\u00edo de un correo electr\u00f3nico a la siguiente direcci\u00f3n: <a class=\"wixui-rich-text__text\" href=\"mailto:info@melderibes.cat\" data-auto-recognition=\"true\">info@melderibes.cat<\/a><\/span><\/p><p class=\"font_8 wixui-rich-text__text\"><span class=\"wixui-rich-text__text\">En caso de no estar interesado en el tratamiento de sus datos a trav\u00e9s de las redes sociales de MVR en los t\u00e9rminos expresados \u200b\u200bcon anterioridad, rogamos se abstenga de compartirlos.<\/span><\/p><p class=\"font_8 wixui-rich-text__text\"><span class=\"wixui-rich-text__text\">En caso de que MVR necesite tratar sus datos con fines distintos a los mencionados anteriormente, solicitar\u00e1 su consentimiento expreso para ello, que podr\u00e1 revocar en cualquier momento de forma unilateral.<\/span><\/p><p class=\"font_8 wixui-rich-text__text\"><strong>\u200bBOLETINES INFORMATIVOS Y COMUNICACIONES COMERCIALES<\/strong><\/p><p class=\"font_8 wixui-rich-text__text\"><span class=\"wixui-rich-text__text\">De acuerdo con la LSSICE y esencialmente, por propia convicci\u00f3n, MVR no realiza pr\u00e1cticas de SPAM, por lo que no env\u00eda correos comerciales por v\u00eda electr\u00f3nica que no hayan sido previamente solicitados o autorizados por el Usuario.<\/span><\/p><p class=\"font_8 wixui-rich-text__text\"><span class=\"wixui-rich-text__text\">MVR podr\u00e1 enviar boletines informativos y comunicaciones comerciales a aquellos usuarios que hayan otorgado previamente su consentimiento expreso para ello. La informaci\u00f3n de estos boletines y comunicaciones consistir\u00e1 en informaci\u00f3n comercial, contenidos destacados, consejos relevantes sobre el funcionamiento del sistema y promociones. <\/span><\/p><p class=\"font_8 wixui-rich-text__text\"><span class=\"wixui-rich-text__text\">El usuario tendr\u00e1 la posibilidad de solicitar el cese del env\u00edo de estos boletines y comunicaciones en los t\u00e9rminos previstos en la Ley 34\/2002, de 11 de julio, de Servicios de la Sociedad de la Informaci\u00f3n, y de revocar su consentimiento de forma unilateral, tambi\u00e9n en cualquier momento, mediante el env\u00edo de un correo electr\u00f3nico: <a class=\"wixui-rich-text__text\" href=\"mailto:info@melderibes.cat\" target=\"_self\">info@melderibes.cat<\/a> o d\u00e1ndose de baja directamente al pie de los boletines enviados al apartado \u00abunsubscribe\u00bb o \u00abdarme de baja\u00bb.<\/span><\/p><p class=\"font_8 wixui-rich-text__text\"><strong><span class=\"wixui-rich-text__text\">SERVICIOS OFRECIDOS POR TERCEROS EN ESTE SITIO WEB<\/span><\/strong><\/p><p class=\"font_8 wixui-rich-text__text\"><span class=\"wixui-rich-text__text\">Proveedores de servicios externos (por ejemplo, servicios de procesamiento de pago, procesamiento de pedidos, an\u00e1lisis, gesti\u00f3n campa\u00f1as de marketing, gesti\u00f3n de sitios web, y, distribuci\u00f3n de correo electr\u00f3nico y otros proveedores de servicios similares) para que \u00e9stos puedan realizar funciones comerciales en nombre de MVR.<\/span><\/p><p class=\"font_8 wixui-rich-text__text\"><span class=\"wixui-rich-text__text\">Sus datos personales podr\u00e1n ser comunicados tambi\u00e9n a destinatarios ubicados en pa\u00edses fuera del Espacio Econ\u00f3mico Europeo, incluyendo pa\u00edses que no proporcionen un nivel de protecci\u00f3n de datos equivalente al de la Uni\u00f3n. Sin embargo, en estos casos, los mismos ser\u00e1n tratadas con escrupuloso cumplimiento de la legislaci\u00f3n europea y espa\u00f1ola y, asimismo, se implementar\u00e1n las garant\u00edas que le indicamos a continuaci\u00f3n: <\/span><\/p><p class=\"font_8 wixui-rich-text__text\"><span class=\"wixui-rich-text__text\">\u2022 Servicios de Mensajer\u00eda y env\u00edo de boletines: Los boletines electr\u00f3nicos o newsletter est\u00e1n gestionados por Wix.com. Al utilizar los servicios de esta plataforma para la realizaci\u00f3n de campa\u00f1as de marketing por correo electr\u00f3nico, gesti\u00f3n de suscripciones y env\u00edo de boletines, debe saber que Wix.com tiene sus servidores alojados fuera de la UE en EE.UU. y est\u00e1 acogido al acuerdo EU-US Privacy Shield, la informaci\u00f3n est\u00e1 disponible. <a class=\"wixui-rich-text__text\" href=\"https:\/\/www.privacyshield.gov\/list\" target=\"_blank\" rel=\"noopener\">aqu\u00ed<\/a>, aprobado por el Comit\u00e9 Europeo. Mail Chimp. 675 Ponce de Le\u00f3n Ave NE, Suite 5000 Atlanta, GA 30308.   <\/span><\/p><p class=\"font_8 wixui-rich-text__text\"><span class=\"wixui-rich-text__text\">\u2022 Google Analytics es un servicio anal\u00edtico de web prestado por Google, Inc., una compa\u00f1\u00eda de Delaware cuya oficina principal en 1600 Amphitheatre Parkway, Mountain View (California), CA 94043, Estados Unidos ( \u00abGoogle\u00bb). Google Analytics utiliza \u00abcookies\u00bb, que son archivos de texto ubicados en tu ordenador, para ayudar a MVR a analizar el uso que hacen los usuarios del sitio web. La informaci\u00f3n que genera la cookie sobre su uso MVR (incluyendo tu direcci\u00f3n IP) ser\u00e1 directamente transmitida y archivada por Google en los servidores de Estados Unidos  <\/span><\/p><p class=\"font_8 wixui-rich-text__text\"><span class=\"wixui-rich-text__text\">\u2022 PayPal: En caso de compra de productos, si decides pagar a trav\u00e9s de PayPal, tus datos personales se transmitir\u00e1n a PayPal. La condici\u00f3n previa para utilizar PayPal es que tengas una cuenta con ellos. El fundamento jur\u00eddico para la transmisi\u00f3n de los datos es el arte. 6, apartado 1, letra a) del RGPD (consentimiento) y el art. 6, apartado 1, letra b) del RGPD (procesamiento para el cumplimiento de un contrato). El operador del servicio de pago de PayPal es: PayPal (Europa) S.A r.l. et Cie, S.C.A. 22-24 Boulevard ROYALL-2449 Luxemburgo. Al utilizar la opci\u00f3n de pago PayPal, otorga su consentimiento para que se transmitan sus datos personales como nombre, direcci\u00f3n postal, n\u00famero de tel\u00e9fono y direcci\u00f3n de correo electr\u00f3nico, a PayPal. Los datos que PayPal recoge se deducen de la correspondiente declaraci\u00f3n de protecci\u00f3n de datos de PayPal. Est\u00e1 certificada bajo el Marco de Protecci\u00f3n de Privacidad UE-EE. UU. Y Suiza-EE. UU Los encontrar\u00e1s en: <a class=\"wixui-rich-text__text\" href=\"https:\/\/alemany.com\/shop\/ca\/info\/www.paypal.com\/de\/webapps\/mpp\/ua\/privacy-full\" target=\"_blank\" rel=\"noopener\">www.paypal.com\/de\/webapps\/mpp\/ua\/privacy-full<\/a>             <\/span><\/p><p class=\"font_8 wixui-rich-text__text\">\u200bPara prestar servicios estrictamente necesarios para el desarrollo de nuestra actividad, utilizamos los siguientes prestamistas bajo sus correspondientes condiciones de privacidad:<\/p><p class=\"font_8 wixui-rich-text__text\"><span class=\"wixui-rich-text__text\"><span class=\"wixGuard wixui-rich-text__text\">\u200b<\/span><\/span><span class=\"wixui-rich-text__text\">Wix Payments. Utilizamos la pasarela de pagos wix Payments para gestionar el pago de pedidos por parte de nuestros clientes mediante tarjeta de d\u00e9bito o cr\u00e9dito. Wix Payments ofrece servicios que permiten a las plataformas y comerciantes operar negocios y realizar transacciones de pago online de forma segura. El fundamento jur\u00eddico para la transmisi\u00f3n de los datos es el arte. 6, apartado 1, letra a) del RGPD (consentimiento) y el art. 6, apartado 1, letra b) del RGPD (procesamiento para el cumplimiento de un contrato). Wix Payments cumple con las leyes aplicables para proporcionar un nivel adecuado de protecci\u00f3n de datos para la transferencia de sus Datos personales.         <a class=\"wixui-rich-text__text\" href=\"https:\/\/es.wix.com\/about\/terms-of-payments\" target=\"_blank\" rel=\"noopener\" data-auto-recognition=\"true\">https:\/\/es.wix.com\/about\/terms-of-payments<\/a><\/span><\/p><p class=\"font_8 wixui-rich-text__text\"><span class=\"wixui-rich-text__text\">CheckoutPortal. Utilitza protocols SSL (Secure Sockets Layer) (capa de connexi\u00f3 segura) \u00c9s la tecnologia de seguretat est\u00e0ndard utilitzada a Internet per establir una connexi\u00f3 segura (encriptada) entre un servidor (lloc web) i el seu navegador (per exemple Internet Explorer, Chrome, Firefox , etc.). Aquesta connexi\u00f3 segura garanteix que totes les dades transmeses des del navegador al servidor romandran privats i que les teves dades estan fora de perill dels hackers o qualsevol persona que intenti espiar \/ robar aquesta informaci\u00f3. Un dels usos m\u00e9s comuns del SSL \u00e9s la protecci\u00f3 de dades d&#8217;un client durant una transacci\u00f3 en l\u00ednia gr\u00e0cies al xifrat de dades. Amb un sistema de detecci\u00f3 del frau (Wirecard Fraud Prevention Suite) converteix el pagament en l\u00ednia en un proc\u00e9s m\u00e9s segur que mai.    <\/span><\/p><p class=\"font_8 wixui-rich-text__text\">\u00bfCU\u00c1NTO DE TIEMPO CONSERVAMOS SUS DATOS?<\/p><p class=\"font_8 wixui-rich-text__text\"><span class=\"wixui-rich-text__text\">Sus datos personales ser\u00e1n conservados por el tiempo que sea necesario para cumplir con los fines para los que fueron recogidos. Transcurrido ese tiempo, MVR proceder\u00e1 a suprimir de sus sistemas, sin perjuicio de la posibilidad de conservarlos, limitando su tratamiento al ejercicio y defensa de reclamaciones, en los t\u00e9rminos previstos por la legislaci\u00f3n aplicable. <\/span><\/p><p class=\"font_8 wixui-rich-text__text\">\u00bfCU\u00c1LES SON SUS DERECHOS?<\/p><p class=\"font_8 wixui-rich-text__text\"><span class=\"wixui-rich-text__text\">Usted podr\u00e1 ejercitar los derechos que se enumeran a continuaci\u00f3n, mediante el env\u00edo de un correo electr\u00f3nico a la siguiente direcci\u00f3n: <a class=\"wixui-rich-text__text\" href=\"mailto:info@melderibes.cat\" data-auto-recognition=\"true\">info@melderibes.cat<\/a><\/span><\/p><p class=\"font_8 wixui-rich-text__text\"><span class=\"wixui-rich-text__text\">\u2022 Solicitar, en cualquier momento, que MVR le confirme si est\u00e1 tratando sus datos personales o no.<\/span><\/p><p class=\"font_8 wixui-rich-text__text\"><span class=\"wixui-rich-text__text\">\u2022 Acceder a sus datos personales, solicitar la rectificaci\u00f3n de aquellos que sean inexactos o, en su caso, solicitar su supresi\u00f3n cuando, entre otras causas, ya no sean necesarios para los fines para los que se pidieron.<\/span><\/p><p class=\"font_8 wixui-rich-text__text\"><span class=\"wixui-rich-text__text\">\u2022 En determinados casos, solicitar la limitaci\u00f3n del tratamiento de sus datos. En este supuesto, s\u00f3lo conservaremos sus datos para el ejercicio o defensa de reclamaciones. <\/span><\/p><p class=\"font_8 wixui-rich-text__text\"><span class=\"wixui-rich-text__text\">\u2022 En determinadas circunstancias, oponerse al tratamiento de sus datos.<\/span><\/p><p class=\"font_8 wixui-rich-text__text\"><span class=\"wixui-rich-text__text\">\u2022 Solicitar la portabilidad de sus datos.<\/span><\/p><p class=\"font_8 wixui-rich-text__text\"><span class=\"wixui-rich-text__text\">\u2022 Revocar el consentimiento de que, en su caso, usted haya otorgado por el tratamiento de sus datos por parte de MVR.<\/span><\/p><p class=\"font_8 wixui-rich-text__text\"><span class=\"wixui-rich-text__text\">\u2022 Presentar reclamaci\u00f3n ante la Agencia Espa\u00f1ola de Protecci\u00f3n de Datos.<\/span><\/p><p class=\"font_8 wixui-rich-text__text\">ACEPTACI\u00d3N Y CONSENTIMIENTO<\/p><p class=\"font_8 wixui-rich-text__text\"><span class=\"wixui-rich-text__text\">El Usuario declara haber sido informado de las condiciones sobre protecci\u00f3n de datos de car\u00e1cter personal, aceptando y consintiendo el tratamiento de los mismos por parte de MVR, en la forma y fines indicados en la presente Pol\u00edtica de Privacidad.<\/span><\/p><p class=\"font_8 wixui-rich-text__text\">\u200bREVOCABILIDAD<\/p><p class=\"font_8 wixui-rich-text__text\"><span class=\"wixui-rich-text__text\">El consentimiento prestado, tanto por el tratamiento como para la cesi\u00f3n de los datos de los interesados, es revocable en cualquier momento comunic\u00e1ndolo a MVR en los t\u00e9rminos establecidos en esta Pol\u00edtica para el ejercicio de los derechos ARCO (Acceso, Rectificaci\u00f3n, Cancelaci\u00f3n u Oposici\u00f3n). Esta revocaci\u00f3n en ning\u00fan caso tendr\u00e1 car\u00e1cter retroactivo. <\/span><\/p><p class=\"font_8 wixui-rich-text__text\">\u200bCAMBIOS EN LA PRESENTE POL\u00cdTICA DE PRIVACIDAD<\/p><p class=\"font_8 wixui-rich-text__text\"><span class=\"wixui-rich-text__text\">MVR se reserva el derecho a modificar la presente pol\u00edtica para adaptarla a novedades legislativas o jurisprudenciales as\u00ed como a pr\u00e1cticas de la industria. En estos supuestos, el prestamista anunciar\u00e1 en esta p\u00e1gina los cambios introducidos con razonable antelaci\u00f3n a su puesta en pr\u00e1ctica. <\/span><\/p><p class=\"font_8 wixui-rich-text__text\"><span class=\"wixui-rich-text__text\"><span class=\"wixGuard wixui-rich-text__text\">\u200b<\/span><\/span><span class=\"wixui-rich-text__text\">Darrera actualitzaci\u00f3: novembre 2024<\/span><\/p><\/div>\t\t\t\t\t\t\t\t<\/div>\n\t\t\t\t<\/div>\n\t\t\t\t\t<\/div>\n\t\t\t\t<\/div>\n\t\t\t\t<\/div>\n\t\t","protected":false},"excerpt":{"rendered":"<p>Pol\u00edtica de Privacidad La presente Pol\u00edtica de Protecci\u00f3n de Datos de Miel Valle de Ribes (MVR) se aplicar\u00e1 a la navegaci\u00f3n en nuestro sitio web, www.melderibes.cat, as\u00ed como a la compra de nuestros productos a trav\u00e9s del mismo. Establece la forma en que se gestionar\u00e1n los datos personales recogidos en este sitio web. Es imprescindible &#8230; <a title=\"Pol\u00edtica de privacidad\" class=\"read-more\" href=\"https:\/\/apidrap.com\/es\/politica-de-privacidad\/\" aria-label=\"Leer m\u00e1s sobre Pol\u00edtica de privacidad\">Read more<\/a><\/p>\n","protected":false},"author":2,"featured_media":0,"parent":0,"menu_order":1001,"comment_status":"closed","ping_status":"closed","template":"","meta":{"footnotes":""},"class_list":["post-767","page","type-page","status-publish"],"_links":{"self":[{"href":"https:\/\/apidrap.com\/es\/wp-json\/wp\/v2\/pages\/767","targetHints":{"allow":["GET"]}}],"collection":[{"href":"https:\/\/apidrap.com\/es\/wp-json\/wp\/v2\/pages"}],"about":[{"href":"https:\/\/apidrap.com\/es\/wp-json\/wp\/v2\/types\/page"}],"author":[{"embeddable":true,"href":"https:\/\/apidrap.com\/es\/wp-json\/wp\/v2\/users\/2"}],"replies":[{"embeddable":true,"href":"https:\/\/apidrap.com\/es\/wp-json\/wp\/v2\/comments?post=767"}],"version-history":[{"count":1,"href":"https:\/\/apidrap.com\/es\/wp-json\/wp\/v2\/pages\/767\/revisions"}],"predecessor-version":[{"id":768,"href":"https:\/\/apidrap.com\/es\/wp-json\/wp\/v2\/pages\/767\/revisions\/768"}],"wp:attachment":[{"href":"https:\/\/apidrap.com\/es\/wp-json\/wp\/v2\/media?parent=767"}],"curies":[{"name":"wp","href":"https:\/\/api.w.org\/{rel}","templated":true}]}}