{"id":771,"date":"2025-12-30T09:48:34","date_gmt":"2025-12-30T09:48:34","guid":{"rendered":"https:\/\/apidrap.com\/politica-de-cookies\/"},"modified":"2026-02-24T07:00:06","modified_gmt":"2026-02-24T07:00:06","slug":"politica-de-cookies","status":"publish","type":"page","link":"https:\/\/apidrap.com\/es\/politica-de-cookies\/","title":{"rendered":"Pol\u00edtica de Cookies"},"content":{"rendered":"\t\t<div data-elementor-type=\"wp-page\" data-elementor-id=\"771\" class=\"elementor elementor-771 elementor-601\" data-elementor-post-type=\"page\">\n\t\t\t\t<div class=\"elementor-element elementor-element-72d693f e-flex e-con-boxed e-con e-parent\" data-id=\"72d693f\" data-element_type=\"container\" data-e-type=\"container\">\n\t\t\t\t\t<div class=\"e-con-inner\">\n\t\t\t\t<div class=\"elementor-element elementor-element-559404f elementor-widget elementor-widget-text-editor\" data-id=\"559404f\" data-element_type=\"widget\" data-e-type=\"widget\" data-widget_type=\"text-editor.default\">\n\t\t\t\t<div class=\"elementor-widget-container\">\n\t\t\t\t\t\t\t\t\t<div id=\"comp-khckm2tf\" class=\"HcOXKn SxM0TO QxJLC3 lq2cno comp-khckm2tf wixui-rich-text\" data-testid=\"richTextElement\"><h1 class=\"font_4 wixui-rich-text__text\">Pol\u00edtica de cookies (Galletas) <\/h1><\/div><div id=\"comp-khckm2tm\" class=\"comp-khckm2tm aVng1S wixui-horizontal-line\"> <\/div><div id=\"comp-khckt4zo\" class=\"HcOXKn SxM0TO QxJLC3 lq2cno comp-khckt4zo wixui-rich-text\" data-testid=\"richTextElement\"><p class=\"font_8 wixui-rich-text__text\"><span class=\"wixui-rich-text__text\">En este sitio web se utilizan cookies para conseguir que tenga una mejor experiencia de navegaci\u00f3n, pueda compartir nuestro contenido en redes sociales y obtener estad\u00edsticas de usuarios.<\/span><\/p><p class=\"font_8 wixui-rich-text__text\"><span class=\"wixui-rich-text__text\">Como usuario, la forma m\u00e1s sencilla de evitar la descarga de cookies es bloque\u00e1ndolas mediante la configuraci\u00f3n apropiada de su navegador, de esta forma evitar\u00e1 que las cookies se almacenen en su disco duro.<\/span><\/p><p class=\"font_8 wixui-rich-text__text\">\u00c2Mel Valle de Ribes no utiliza ninguna informaci\u00f3n personal procedente de galletas, tan s\u00f3lo se utilizan estad\u00edsticas generales de visitas que en ning\u00fan caso remiten a ninguna informaci\u00f3n personal, pero utilizamos la plataforma de Wix que como tales, utilizan sus propias galletas.<\/p><p class=\"font_8 wixui-rich-text__text\"><span class=\"wixui-rich-text__text\">Por eso es importante que lea la presente pol\u00edtica de galletas y comprenda que, si contin\u00faa navegando, consideramos que acepta su uso.<\/span><\/p><p class=\"font_8 wixui-rich-text__text\"><span class=\"wixui-rich-text__text\">Seg\u00fan los t\u00e9rminos incluidos en el art\u00edculo 22.2 de la Ley 34\/2002 de Servicios de la Sociedad de la Informaci\u00f3n y Comercio Electr\u00f3nico, si continua navegando, estar\u00e1 prestando tu consentimiento para el uso por parte de Mel Vall de Ribes de los referidos mecanismos.<\/span><\/p><p class=\"font_8 wixui-rich-text__text\"><strong><span class=\"wixui-rich-text__text\">\u00bfQu\u00e9 son las cookies o cookies?<\/span><\/strong><\/p><p class=\"font_8 wixui-rich-text__text\"><span class=\"wixui-rich-text__text\">Las cookies son archivos que se descargan en tu ordenador cuando accedes a este sitio web y que hacen posible, entre otras cosas, el almacenamiento y recuperaci\u00f3n de informaci\u00f3n sobre tus h\u00e1bitos de navegaci\u00f3n o de su equipo y que tenga una mejor experiencia de navegaci\u00f3n. Esta web utiliza cookies propias y de terceros. <\/span><\/p><p class=\"font_8 wixui-rich-text__text\"><strong>\u200bDesactivaci\u00f3n \/ activaci\u00f3n o eliminaci\u00f3n de cookies:<\/strong><\/p><p class=\"font_8 wixui-rich-text__text\"><span class=\"wixui-rich-text__text\">Mel Vall de Ribes pone a disposici\u00f3n de los usuarios que quieran impedir la instalaci\u00f3n de dichas cookies, enlaces a las instrucciones facilitadas al efecto por navegadores cuyo uso considera m\u00e1s extendido:<\/span><\/p><p class=\"font_8 wixui-rich-text__text\"><span class=\"wixui-rich-text__text\"><a class=\"wixui-rich-text__text\" href=\"http:\/\/support.google.com\/chrome\/bin\/answer.py?hl=es-419&amp;answer=95647\" target=\"_blank\" rel=\"noopener\">Google Chrome <\/a>&#8211; <a class=\"wixui-rich-text__text\" href=\"http:\/\/windows.microsoft.com\/es-xl\/internet-explorer\/delete-manage-cookies#ie=ie-10\" target=\"_blank\" rel=\"noopener\">Internet Explorer <\/a>&#8211; <a class=\"wixui-rich-text__text\" href=\"http:\/\/support.mozilla.org\/es\/kb\/habilitar-y-deshabilitar-cookies-que-los-sitios-we\" target=\"_blank\" rel=\"noopener\">Mozilla Firefox <\/a>&#8211; <a class=\"wixui-rich-text__text\" href=\"http:\/\/support.apple.com\/kb\/HT1677?viewlocale=es_ES%20%97%20http:\/\/support.apple.com\/kb\/ph5042\" target=\"_blank\" rel=\"noopener\">Apple Safari<\/a><\/span><\/p><p class=\"font_8 wixui-rich-text__text\"><span class=\"wixui-rich-text__text\">Puedes consultar el reglamento sobre cookies publicado por la Agencia Espa\u00f1ola de Protecci\u00f3n de Datos en su <a class=\"wixui-rich-text__text\" href=\"https:\/\/www.agpd.es\/portalwebAGPD\/canaldocumentacion\/publicaciones\/common\/Guias\/%20Guia_Cookies.pdf\" target=\"_blank\" rel=\"noopener\">\u00abGuia sobre el uso de las galletas \u00ab<\/a> y obtener m\u00e1s informaci\u00f3n sobre las cookies en Internet<br> <a class=\"wixui-rich-text__text\" href=\"http:\/\/www.aboutcookies.org\/\" target=\"_blank\" rel=\"noopener\">http:\/\/www.aboutcookies.org\/<\/a><\/span><\/p><p class=\"font_8 wixui-rich-text__text\"><strong>\u200bNotas importantes sobre las cookies<\/strong><\/p><p class=\"font_8 wixui-rich-text__text\"><span class=\"wixui-rich-text__text\">Teniendo en cuenta la forma en la que funciona Internet y los sitios web, no siempre contamos con informaci\u00f3n de las cookies que terceras partes puedan utilizar a trav\u00e9s de nuestro sitio web.<\/span><\/p><p class=\"font_8 wixui-rich-text__text\"><span class=\"wixui-rich-text__text\">Esto se aplica especialmente a casos en los que nuestro sitio web contiene elementos integrados: es decir, textos, documentos, im\u00e1genes o breves pel\u00edculas que se almacenan en otra parte, pero se muestran en nuestro sitio web oa trav\u00e9s de \u00e9ste.<\/span><\/p><p class=\"font_8 wixui-rich-text__text\"><span class=\"wixui-rich-text__text\">De ah\u00ed la dificultad de cumplir el reglamento sobre las galletas de forma estricta.<\/span><\/p><p class=\"font_8 wixui-rich-text__text\"><strong>\u00bfQu\u00e9 cookies utiliza esta web?<\/strong><\/p><p class=\"font_8 wixui-rich-text__text\"><span class=\"wixui-rich-text__text\">Utilizamos cookies propias (generadas por nuestro sitio) y de terceros (como Google Analytics).<\/span><\/p><p class=\"font_8 wixui-rich-text__text\" style=\"padding-left: 40px;\"><strong><span class=\"wixui-rich-text__text\">Galletas de terceros:<\/span><\/strong><\/p><p class=\"font_8 wixui-rich-text__text\" style=\"padding-left: 40px;\"><span class=\"wixui-rich-text__text\">Como se explica al inicio, esta web utiliza servicios de an\u00e1lisis, concretamente, Google Analytics para ayudarnos a analizar el uso que hacen los usuarios del sitio web y mejorar la usabilidad del mismo, pero en ning\u00fan caso se asocian a datos que pudieran llegar a identificar al usuario.<\/span><\/p><p class=\"font_8 wixui-rich-text__text\" style=\"padding-left: 40px;\"><span class=\"wixui-rich-text__text\">Google Analytics , es un servicio anal\u00edtico de web prestado por Google, Inc., una compa\u00f1\u00eda de Delaware cuya oficina principal en 1600 Amphitheatre Parkway, Mountain View (California), CA 94043, Estados Unidos ( \u00abGoogle\u00bb). El usuario puede consultar <a class=\"wixui-rich-text__text\" href=\"https:\/\/www.google.es\/intl\/es\/policies\/technologies\/types\/\" target=\"_blank\" rel=\"noopener\">aqu\u00ed <\/a>el tipo de cookies utilizadas por Google. <\/span><\/p><p class=\"font_8 wixui-rich-text__text\" style=\"padding-left: 40px;\">En cuanto al tratamiento de datos solicitados a trav\u00e9s de las cookies de anal\u00edticas como las de Google Analytics, el Grupo de Trabajo del art\u00edculo 29 (\u00f3rgano consultivo europeo en materia de protecci\u00f3n de datos) ha manifestado que, aunque no est\u00e1n exentas del deber de obtener un consentimiento informado para su uso, es poco probable que representen un riesgo parte, que traten datos agregados con una finalidad estrictamente estad\u00edstica, que se facilite informaci\u00f3n sobre su uso y se incluya la posibilidad de que los usuarios manifiesten su negativa sobre su utilizaci\u00f3n, lo que se aplica en este sitio web.<\/p><p class=\"font_8 wixui-rich-text__text\">\u00c2Mel Valle de Ribes es usuario de la plataforma de suministro y alojamiento Wix. A estos efectos, los usos de estas cookies por los sistemas nunca est\u00e1n bajo control o gesti\u00f3n de la responsable de la web, pueden cambiar su funci\u00f3n en cualquier momento, y entrar cookies nuevas.<\/p><\/div>\t\t\t\t\t\t\t\t<\/div>\n\t\t\t\t<\/div>\n\t\t\t\t\t<\/div>\n\t\t\t\t<\/div>\n\t\t\t\t<\/div>\n\t\t","protected":false},"excerpt":{"rendered":"<p>Pol\u00edtica de cookies (Galletas) En este sitio web se utilizan cookies para conseguir que tenga una mejor experiencia de navegaci\u00f3n, pueda compartir nuestro contenido en redes sociales y obtener estad\u00edsticas de usuarios. Como usuario, la forma m\u00e1s sencilla de evitar la descarga de cookies es bloque\u00e1ndolas mediante la configuraci\u00f3n apropiada de su navegador, de esta &#8230; <a title=\"Pol\u00edtica de Cookies\" class=\"read-more\" href=\"https:\/\/apidrap.com\/es\/politica-de-cookies\/\" aria-label=\"Leer m\u00e1s sobre Pol\u00edtica de Cookies\">Read more<\/a><\/p>\n","protected":false},"author":2,"featured_media":0,"parent":0,"menu_order":1002,"comment_status":"closed","ping_status":"closed","template":"","meta":{"footnotes":""},"class_list":["post-771","page","type-page","status-publish"],"_links":{"self":[{"href":"https:\/\/apidrap.com\/es\/wp-json\/wp\/v2\/pages\/771","targetHints":{"allow":["GET"]}}],"collection":[{"href":"https:\/\/apidrap.com\/es\/wp-json\/wp\/v2\/pages"}],"about":[{"href":"https:\/\/apidrap.com\/es\/wp-json\/wp\/v2\/types\/page"}],"author":[{"embeddable":true,"href":"https:\/\/apidrap.com\/es\/wp-json\/wp\/v2\/users\/2"}],"replies":[{"embeddable":true,"href":"https:\/\/apidrap.com\/es\/wp-json\/wp\/v2\/comments?post=771"}],"version-history":[{"count":2,"href":"https:\/\/apidrap.com\/es\/wp-json\/wp\/v2\/pages\/771\/revisions"}],"predecessor-version":[{"id":773,"href":"https:\/\/apidrap.com\/es\/wp-json\/wp\/v2\/pages\/771\/revisions\/773"}],"wp:attachment":[{"href":"https:\/\/apidrap.com\/es\/wp-json\/wp\/v2\/media?parent=771"}],"curies":[{"name":"wp","href":"https:\/\/api.w.org\/{rel}","templated":true}]}}