{"id":775,"date":"2025-12-30T09:49:15","date_gmt":"2025-12-30T09:49:15","guid":{"rendered":"https:\/\/apidrap.com\/politica-de-devoluciones\/"},"modified":"2026-02-24T07:02:40","modified_gmt":"2026-02-24T07:02:40","slug":"politica-de-devoluciones","status":"publish","type":"page","link":"https:\/\/apidrap.com\/es\/politica-de-devoluciones\/","title":{"rendered":"Pol\u00edtica de devoluciones"},"content":{"rendered":"\t\t<div data-elementor-type=\"wp-page\" data-elementor-id=\"775\" class=\"elementor elementor-775 elementor-604\" data-elementor-post-type=\"page\">\n\t\t\t\t<div class=\"elementor-element elementor-element-546a160 e-flex e-con-boxed e-con e-parent\" data-id=\"546a160\" data-element_type=\"container\" data-e-type=\"container\">\n\t\t\t\t\t<div class=\"e-con-inner\">\n\t\t\t\t<div class=\"elementor-element elementor-element-c373205 elementor-widget elementor-widget-text-editor\" data-id=\"c373205\" data-element_type=\"widget\" data-e-type=\"widget\" data-widget_type=\"text-editor.default\">\n\t\t\t\t<div class=\"elementor-widget-container\">\n\t\t\t\t\t\t\t\t\t<div id=\"comp-khqfp5cd\" class=\"HcOXKn SxM0TO QxJLC3 lq2cno comp-khqfp5cd wixui-rich-text\" data-testid=\"richTextElement\"><h1 class=\"font_4 wixui-rich-text__text\">Pol\u00edtica de Devoluciones<\/h1><\/div><div id=\"comp-khqfp5cm\" class=\"comp-khqfp5cm aVng1S wixui-horizontal-line\"> <\/div><div id=\"comp-khqfp5cq1\" class=\"HcOXKn SxM0TO QxJLC3 lq2cno comp-khqfp5cq1 wixui-rich-text\" data-testid=\"richTextElement\"><p class=\"font_8 wixui-rich-text__text\"><strong><span class=\"wixui-rich-text__text\"><span class=\"wixGuard wixui-rich-text__text\">\u200b<\/span><\/span><\/strong><span class=\"wixui-rich-text__text\"><strong>SI EL PRODUCTO RECIBO ES INCORRECTO, SE ENCUENTRA DA\u00d1ADO O DEFECTUOSO<\/strong><br class=\"wixui-rich-text__text\"><br class=\"wixui-rich-text__text\">\u200bNuestra Pol\u00edtica de Devoluciones es realmente sencilla. Cuando recibas tu pedido deber\u00e1s inspeccionarlo inmediatamente para verificar que todo est\u00e1 correcto, siempre antes de abrir y consumir los productos. Si has recibido un pedido incorrecto, o los productos se encuentran da\u00f1ados o defectuosos, \u00a1en primer lugar mil disculpas! Estos casos son muy poco frecuentes, a\u00fan as\u00ed, intentaremos solucionar este problema lo antes posible.<br class=\"wixui-rich-text__text\">Seg\u00fan nuestra pol\u00edtica de empresa y cumpliendo con la normativa vigente, tienes derecho a devolver cualquier art\u00edculo comprado a <a href=\"https:\/\/www.melderibes.cat\/\">www.melvallderibes.cat<\/a> en un plazo m\u00e1ximo de catorce d\u00edas desde la fecha de recepci\u00f3n del mismo.   <br class=\"wixui-rich-text__text\"><br class=\"wixui-rich-text__text\"><strong>QU\u00c9 HACER PARA DEVOLVER UN PRODUCTO \u200b<\/strong><br class=\"wixui-rich-text__text\"><br class=\"wixui-rich-text__text\">Contacta con nosotros de forma r\u00e1pida y segura, mediante llamada telef\u00f3nica (669 104 215) o v\u00eda e-mail (<a href=\"mailto:info@melderibes.cat\">info@melderibes.cat<\/a>), facilitando tu n\u00famero de pedido, el producto a devolver y la raz\u00f3n por la que se realiza esta devoluci\u00f3n.<\/span><\/p><p class=\"font_8 wixui-rich-text__text\"><span class=\"wixui-rich-text__text\">Te confirmaremos la direcci\u00f3n a la que deber\u00e1s enviar el art\u00edculo en cuesti\u00f3n.<\/span><\/p><p class=\"font_8 wixui-rich-text__text\"><span class=\"wixui-rich-text__text\">Por favor, empaqueta el art\u00edculo de forma segura e incluye dentro del paquete tu n\u00famero de pedido, nombre y direcci\u00f3n completa, incluye tambi\u00e9n el recibo o justificante de env\u00edo cuando nos devuelvas el producto. <br class=\"wixui-rich-text__text\">Cualquier producto enviado de vuelta es responsabilidad del usuario hasta que llega a nuestro almac\u00e9n. Por eso, aseg\u00farate de que devuelves el producto usando un m\u00e9todo de env\u00edo seguro. <\/span><\/p><p class=\"font_8 wixui-rich-text__text\"><span class=\"wixui-rich-text__text\">Nuestra pol\u00edtica de devoluci\u00f3n se aplica a los pedidos realizados directamente a trav\u00e9s de <a class=\"wixui-rich-text__text\" href=\"http:\/\/www.melderibes.cat\/\" target=\"_blank\" rel=\"noopener\" data-auto-recognition=\"true\">www.melderibes.cat<\/a>.<\/span><\/p><p class=\"font_8 wixui-rich-text__text\">\u200bSi has adquirido uno de nuestros productos en alguna tienda de ventas especializadas o en distribuidores de nuestra marca, por favor contacta directamente con ellos para su devoluci\u00f3n.<\/p><p class=\"font_8 wixui-rich-text__text\">\u200b\u00daltima actualizaci\u00f3n: noviembre 2024<\/p><\/div>\t\t\t\t\t\t\t\t<\/div>\n\t\t\t\t<\/div>\n\t\t\t\t\t<\/div>\n\t\t\t\t<\/div>\n\t\t\t\t<\/div>\n\t\t","protected":false},"excerpt":{"rendered":"<p>Pol\u00edtica de Devoluciones \u200bSI EL PRODUCTO RECIBO ES INCORRECTO, SE ENCUENTRA DA\u00d1ADO O DEFECTUOSO \u200bNuestra Pol\u00edtica de Devoluciones es realmente sencilla. Cuando recibas tu pedido deber\u00e1s inspeccionarlo inmediatamente para verificar que todo est\u00e1 correcto, siempre antes de abrir y consumir los productos. Si has recibido un pedido incorrecto, o los productos se encuentran da\u00f1ados o &#8230; <a title=\"Pol\u00edtica de devoluciones\" class=\"read-more\" href=\"https:\/\/apidrap.com\/es\/politica-de-devoluciones\/\" aria-label=\"Leer m\u00e1s sobre Pol\u00edtica de devoluciones\">Read more<\/a><\/p>\n","protected":false},"author":2,"featured_media":0,"parent":0,"menu_order":1003,"comment_status":"closed","ping_status":"closed","template":"","meta":{"footnotes":""},"class_list":["post-775","page","type-page","status-publish"],"_links":{"self":[{"href":"https:\/\/apidrap.com\/es\/wp-json\/wp\/v2\/pages\/775","targetHints":{"allow":["GET"]}}],"collection":[{"href":"https:\/\/apidrap.com\/es\/wp-json\/wp\/v2\/pages"}],"about":[{"href":"https:\/\/apidrap.com\/es\/wp-json\/wp\/v2\/types\/page"}],"author":[{"embeddable":true,"href":"https:\/\/apidrap.com\/es\/wp-json\/wp\/v2\/users\/2"}],"replies":[{"embeddable":true,"href":"https:\/\/apidrap.com\/es\/wp-json\/wp\/v2\/comments?post=775"}],"version-history":[{"count":1,"href":"https:\/\/apidrap.com\/es\/wp-json\/wp\/v2\/pages\/775\/revisions"}],"predecessor-version":[{"id":776,"href":"https:\/\/apidrap.com\/es\/wp-json\/wp\/v2\/pages\/775\/revisions\/776"}],"wp:attachment":[{"href":"https:\/\/apidrap.com\/es\/wp-json\/wp\/v2\/media?parent=775"}],"curies":[{"name":"wp","href":"https:\/\/api.w.org\/{rel}","templated":true}]}}